{"id":138,"date":"2018-01-27T09:45:59","date_gmt":"2018-01-27T09:45:59","guid":{"rendered":"http:\/\/kuenstlergruppe-muehlacker.de\/?page_id=138"},"modified":"2026-01-20T10:22:28","modified_gmt":"2026-01-20T10:22:28","slug":"sigrid-baumgaertner","status":"publish","type":"page","link":"https:\/\/kuenstlergruppe-muehlacker.de\/?page_id=138","title":{"rendered":"Sigrid Baumg\u00e4rtner"},"content":{"rendered":"\n<figure class=\"wp-block-image size-full\"><img loading=\"lazy\" decoding=\"async\" width=\"500\" height=\"508\" src=\"https:\/\/kuenstlergruppe-muehlacker.de\/wp-content\/uploads\/2022\/05\/Sigrid-Baumgaertner-2022-kl.ohne_.jpg\" alt=\"\" class=\"wp-image-1672\" srcset=\"https:\/\/kuenstlergruppe-muehlacker.de\/wp-content\/uploads\/2022\/05\/Sigrid-Baumgaertner-2022-kl.ohne_.jpg 500w, https:\/\/kuenstlergruppe-muehlacker.de\/wp-content\/uploads\/2022\/05\/Sigrid-Baumgaertner-2022-kl.ohne_-295x300.jpg 295w\" sizes=\"auto, (max-width: 500px) 100vw, 500px\" \/><\/figure>\n\n\n\n<p><strong>Sigrid K. Baumg\u00e4rtner<\/strong><\/p>\n\n\n\n<p>In Sigrid K. Baumg\u00e4rtners vielseitiger Kunst finden sich expressive Zeichnungen, Tonobjekte und Installationen aus verschiedensten Gegenst\u00e4nden. Den roten Faden bildet hierbei der Bezug auf aktuelle gesellschaftspolitische Themen, die ein breites Spektrum von Klimawandel, Nachhaltigkeit bis Demokratie umfassen. Auch Feminismus und die Auseinandersetzung mit Philosophie, europ\u00e4ischer Geschichte und Literatur durchziehen Sigrid K. Baumg\u00e4rtners Werke. Sie laden den Betrachtenden zur (Selbst-)Reflexion und offenem Dialog ein.<\/p>\n\n\n\nngg_shortcode_0_placeholder\n","protected":false},"excerpt":{"rendered":"<p>Sigrid K. Baumg\u00e4rtner In Sigrid K. Baumg\u00e4rtners vielseitiger Kunst finden sich expressive Zeichnungen, Tonobjekte und Installationen aus verschiedensten Gegenst\u00e4nden. Den roten Faden bildet hierbei der Bezug auf aktuelle gesellschaftspolitische Themen, die ein breites Spektrum von Klimawandel, Nachhaltigkeit bis Demokratie umfassen. Auch Feminismus und die Auseinandersetzung mit Philosophie, europ\u00e4ischer Geschichte und &hellip;<\/p>\n","protected":false},"author":1,"featured_media":0,"parent":0,"menu_order":0,"comment_status":"closed","ping_status":"closed","template":"","meta":{"ngg_post_thumbnail":0,"footnotes":""},"class_list":["post-138","page","type-page","status-publish","hentry"],"_links":{"self":[{"href":"https:\/\/kuenstlergruppe-muehlacker.de\/index.php?rest_route=\/wp\/v2\/pages\/138","targetHints":{"allow":["GET"]}}],"collection":[{"href":"https:\/\/kuenstlergruppe-muehlacker.de\/index.php?rest_route=\/wp\/v2\/pages"}],"about":[{"href":"https:\/\/kuenstlergruppe-muehlacker.de\/index.php?rest_route=\/wp\/v2\/types\/page"}],"author":[{"embeddable":true,"href":"https:\/\/kuenstlergruppe-muehlacker.de\/index.php?rest_route=\/wp\/v2\/users\/1"}],"replies":[{"embeddable":true,"href":"https:\/\/kuenstlergruppe-muehlacker.de\/index.php?rest_route=%2Fwp%2Fv2%2Fcomments&post=138"}],"version-history":[{"count":4,"href":"https:\/\/kuenstlergruppe-muehlacker.de\/index.php?rest_route=\/wp\/v2\/pages\/138\/revisions"}],"predecessor-version":[{"id":2166,"href":"https:\/\/kuenstlergruppe-muehlacker.de\/index.php?rest_route=\/wp\/v2\/pages\/138\/revisions\/2166"}],"wp:attachment":[{"href":"https:\/\/kuenstlergruppe-muehlacker.de\/index.php?rest_route=%2Fwp%2Fv2%2Fmedia&parent=138"}],"curies":[{"name":"wp","href":"https:\/\/api.w.org\/{rel}","templated":true}]}}