{"id":1496,"date":"2020-10-26T15:11:18","date_gmt":"2020-10-26T15:11:18","guid":{"rendered":"https:\/\/kuenstlergruppe-muehlacker.de\/?page_id=1496"},"modified":"2021-02-25T12:51:10","modified_gmt":"2021-02-25T12:51:10","slug":"dorothee-simons","status":"publish","type":"page","link":"https:\/\/kuenstlergruppe-muehlacker.de\/?page_id=1496","title":{"rendered":"Dorothee Simons"},"content":{"rendered":"\n<p>Dorothee Simons<\/p>\n\n\n\n<p>1965 in W\u00fcrzburg geboren<\/p>\n\n\n\n<p>1984 Abitur in M\u00fchlacker<\/p>\n\n\n\n<p>1985-1987 Studium an der Freien Kunst an der Freien Kunstschule Stuttgart<\/p>\n\n\n\n<p>1988-1990 Studium der Freien Kunst an der Hochschule f\u00fcr Bildende K\u00fcnste Braunschweig bei Professor Schrader<\/p>\n\n\n\n<p>1990-1993 Ausbildung zur Arzthelferin, Praxis Dr. Simons, M\u00fchlacker<\/p>\n\n\n\n<p>1994-1995 k\u00fcnstlerische Arbeit in der Radierwerkstatt im K\u00fcnstlerhaus Stuttgart<\/p>\n\n\n\n<p>1995-1999 Studium der Freien Kunst an der Hochschule f\u00fcr Bildende K\u00fcnste<\/p>\n\n\n\n<p>Braunschweig bei Professor Gorella<\/p>\n\n\n\n<p>1998 Diplom Freie Kunst (Malerei, Graphik\/Druckgraphik)<\/p>\n\n\n\n<p>1999 Meistersch\u00fclerin<\/p>\n\n\n\n<p>1999-2001 k\u00fcnstlerische T\u00e4tigkeit in einem Atelier in Berlin<\/p>\n\n\n\n<p>ab 2001 Leben und k\u00fcnstlerisches Arbeiten in M\u00fchlacker-Enzberg und Karlsruhe<\/p>\n\n\n\n<p>seitdem Einzel- und Gruppenausstellungen<\/p>\n\n\n\n<p>zeitweise Arbeiten f\u00fcr die Majolika-Manufaktur in Karlsruhe (Tierplastiken in Mosaiktechnik)<\/p>\n\n\n\nngg_shortcode_0_placeholder\n","protected":false},"excerpt":{"rendered":"<p>Dorothee Simons 1965 in W\u00fcrzburg geboren 1984 Abitur in M\u00fchlacker 1985-1987 Studium an der Freien Kunst an der Freien Kunstschule Stuttgart 1988-1990 Studium der Freien Kunst an der Hochschule f\u00fcr Bildende K\u00fcnste Braunschweig bei Professor Schrader 1990-1993 Ausbildung zur Arzthelferin, Praxis Dr. Simons, M\u00fchlacker 1994-1995 k\u00fcnstlerische Arbeit in der Radierwerkstatt &hellip;<\/p>\n","protected":false},"author":1,"featured_media":0,"parent":0,"menu_order":0,"comment_status":"closed","ping_status":"closed","template":"","meta":{"ngg_post_thumbnail":0,"footnotes":""},"class_list":["post-1496","page","type-page","status-publish","hentry"],"_links":{"self":[{"href":"https:\/\/kuenstlergruppe-muehlacker.de\/index.php?rest_route=\/wp\/v2\/pages\/1496","targetHints":{"allow":["GET"]}}],"collection":[{"href":"https:\/\/kuenstlergruppe-muehlacker.de\/index.php?rest_route=\/wp\/v2\/pages"}],"about":[{"href":"https:\/\/kuenstlergruppe-muehlacker.de\/index.php?rest_route=\/wp\/v2\/types\/page"}],"author":[{"embeddable":true,"href":"https:\/\/kuenstlergruppe-muehlacker.de\/index.php?rest_route=\/wp\/v2\/users\/1"}],"replies":[{"embeddable":true,"href":"https:\/\/kuenstlergruppe-muehlacker.de\/index.php?rest_route=%2Fwp%2Fv2%2Fcomments&post=1496"}],"version-history":[{"count":9,"href":"https:\/\/kuenstlergruppe-muehlacker.de\/index.php?rest_route=\/wp\/v2\/pages\/1496\/revisions"}],"predecessor-version":[{"id":1548,"href":"https:\/\/kuenstlergruppe-muehlacker.de\/index.php?rest_route=\/wp\/v2\/pages\/1496\/revisions\/1548"}],"wp:attachment":[{"href":"https:\/\/kuenstlergruppe-muehlacker.de\/index.php?rest_route=%2Fwp%2Fv2%2Fmedia&parent=1496"}],"curies":[{"name":"wp","href":"https:\/\/api.w.org\/{rel}","templated":true}]}}