{"id":1721,"date":"2022-09-28T09:00:21","date_gmt":"2022-09-28T09:00:21","guid":{"rendered":"https:\/\/kuenstlergruppe-muehlacker.de\/?page_id=1721"},"modified":"2025-12-19T12:13:16","modified_gmt":"2025-12-19T12:13:16","slug":"ausstellungstipps","status":"publish","type":"page","link":"https:\/\/kuenstlergruppe-muehlacker.de\/?page_id=1721","title":{"rendered":"Ausstellungstipps"},"content":{"rendered":"\n<p>Hier informieren wir \u00fcber aktuelle Ausstellungen unserer Mitglieder und weitere interessante Ausstellungen mit Bezug zur K\u00fcnstlergruppe M\u00fchlacker<\/p>\n\n\n\n<p><br><br><br><\/p>\n\n\n\n<hr class=\"wp-block-separator has-alpha-channel-opacity\"\/>\n\n\n\n<p><strong>INNENWELTEN<br>Werkschau A. Biederstaedt<br>1.11. &#8211; 30.11.2<\/strong><\/p>\n\n\n\n<p>Biederstaedts Ausstellung ist ein Dialog zwischen Gegenwart und Vergangenheit, K\u00f6rper und Geist und bietet hautnahe Einblicke in die Vorg\u00e4nge einer inneren Metamorphose.<\/p>\n\n\n\n<p>Vernissage: 1. November, 18.00 Uhr<br>Einf\u00fchrende Worte: Dr. Markus Maisel<\/p>\n\n\n\n<p>22. November 2024, 18.00 Uhr:<br>Schl\u00fcsseltag (Performance und Happening)<\/p>\n\n\n\n<p>30. November 2024, 19.30 Uhr:<br>Finissage-Konzert<\/p>\n\n\n\n<p>\u00d6ffnungszeiten:<br>montags 10.00 &#8211; 13.00 Uhr<br>dienstags 10.00 &#8211; 13.00 Uhr<br>samstags 13.00 &#8211; 18.30 Uhr<br>sonntags 13.00 &#8211; 18.30 Uhr<\/p>\n\n\n\n<p>Artist in Residence \u2013 zu den \u00d6ffnungszeiten wird an neuen Werken gearbeitet.<\/p>\n\n\n\n<p>KUNSTRAUM 7<br>Spitalstra\u00dfe 7<br>71665 Vaihingen an der Enz<\/p>\n\n\n\n<figure class=\"wp-block-image size-full\"><img loading=\"lazy\" decoding=\"async\" width=\"600\" height=\"900\" src=\"https:\/\/kuenstlergruppe-muehlacker.de\/wp-content\/uploads\/2024\/10\/avain_kl.jpg\" alt=\"\" class=\"wp-image-1906\" srcset=\"https:\/\/kuenstlergruppe-muehlacker.de\/wp-content\/uploads\/2024\/10\/avain_kl.jpg 600w, https:\/\/kuenstlergruppe-muehlacker.de\/wp-content\/uploads\/2024\/10\/avain_kl-200x300.jpg 200w, https:\/\/kuenstlergruppe-muehlacker.de\/wp-content\/uploads\/2024\/10\/avain_kl-174x261.jpg 174w\" sizes=\"auto, (max-width: 600px) 100vw, 600px\" \/><\/figure>\n\n\n\n<p><\/p>\n\n\n\n<p><strong>GRENZLAND<\/strong><br><strong>5. \u2013 29. September 2024<\/strong><\/p>\n\n\n\n<figure class=\"wp-block-image size-full\"><img loading=\"lazy\" decoding=\"async\" width=\"438\" height=\"439\" src=\"https:\/\/kuenstlergruppe-muehlacker.de\/wp-content\/uploads\/2024\/09\/1000008950b.jpg\" alt=\"\" class=\"wp-image-1898\" srcset=\"https:\/\/kuenstlergruppe-muehlacker.de\/wp-content\/uploads\/2024\/09\/1000008950b.jpg 438w, https:\/\/kuenstlergruppe-muehlacker.de\/wp-content\/uploads\/2024\/09\/1000008950b-300x300.jpg 300w, https:\/\/kuenstlergruppe-muehlacker.de\/wp-content\/uploads\/2024\/09\/1000008950b-150x150.jpg 150w, https:\/\/kuenstlergruppe-muehlacker.de\/wp-content\/uploads\/2024\/09\/1000008950b-350x350.jpg 350w, https:\/\/kuenstlergruppe-muehlacker.de\/wp-content\/uploads\/2024\/09\/1000008950b-174x174.jpg 174w\" sizes=\"auto, (max-width: 438px) 100vw, 438px\" \/><\/figure>\n\n\n\n<p>Petra Herrmann (Schm\u00f6lln)<br>Sigrid Baumg\u00e4rtner (M\u00fchlacker)<\/p>\n\n\n\n<p>Vernissage 5. 9. 2024, 20 Uhr, Kelter M\u00fchlacker .<\/p>\n\n\n\n<p>\u00d6ffnungszeiten:<br>Jeden donnerstags von 13 bis 18 Uhr und sonntags von 14 Uhr bis 17 Uhr bis zum 29. 9. 2024.<\/p>\n\n\n\n<hr class=\"wp-block-separator has-alpha-channel-opacity\"\/>\n\n\n\n<p>18. September \u2013 30. Oktober 2022<br>Galerieverein Leonberg<br>Paul Revellio \u2013 Malerei, Lithographie<br><a rel=\"noreferrer noopener\" href=\"https:\/\/www.galerieverein-leonberg.de\/\" target=\"_blank\"><em>mehr<\/em><\/a><\/p>\n\n\n\n<hr class=\"wp-block-separator has-alpha-channel-opacity\"\/>\n\n\n\n<p>Ausstellung \u201eZu guter Letzt\u201c &#8211; G\u00f6rlitz<br>Alte Feierhalle auf dem St\u00e4dtischen Friedhof<br>(mit Martin E. Kautter)<br><a href=\"https:\/\/www.goerlitz.de\/news\/detail\/1740-Ausstellung-Zu-guter-Letzt-Termine-fuer-2022\"><em>mehr<\/em><\/a><\/p>\n\n\n\n<p><\/p>\n\n\n\n<p><\/p>\n","protected":false},"excerpt":{"rendered":"<p>Hier informieren wir \u00fcber aktuelle Ausstellungen unserer Mitglieder und weitere interessante Ausstellungen mit Bezug zur K\u00fcnstlergruppe M\u00fchlacker INNENWELTENWerkschau A. Biederstaedt1.11. &#8211; 30.11.2 Biederstaedts Ausstellung ist ein Dialog zwischen Gegenwart und Vergangenheit, K\u00f6rper und Geist und bietet hautnahe Einblicke in die Vorg\u00e4nge einer inneren Metamorphose. Vernissage: 1. November, 18.00 UhrEinf\u00fchrende Worte: &hellip;<\/p>\n","protected":false},"author":1,"featured_media":0,"parent":0,"menu_order":0,"comment_status":"closed","ping_status":"closed","template":"","meta":{"ngg_post_thumbnail":0,"footnotes":""},"class_list":["post-1721","page","type-page","status-publish","hentry"],"_links":{"self":[{"href":"https:\/\/kuenstlergruppe-muehlacker.de\/index.php?rest_route=\/wp\/v2\/pages\/1721","targetHints":{"allow":["GET"]}}],"collection":[{"href":"https:\/\/kuenstlergruppe-muehlacker.de\/index.php?rest_route=\/wp\/v2\/pages"}],"about":[{"href":"https:\/\/kuenstlergruppe-muehlacker.de\/index.php?rest_route=\/wp\/v2\/types\/page"}],"author":[{"embeddable":true,"href":"https:\/\/kuenstlergruppe-muehlacker.de\/index.php?rest_route=\/wp\/v2\/users\/1"}],"replies":[{"embeddable":true,"href":"https:\/\/kuenstlergruppe-muehlacker.de\/index.php?rest_route=%2Fwp%2Fv2%2Fcomments&post=1721"}],"version-history":[{"count":12,"href":"https:\/\/kuenstlergruppe-muehlacker.de\/index.php?rest_route=\/wp\/v2\/pages\/1721\/revisions"}],"predecessor-version":[{"id":1975,"href":"https:\/\/kuenstlergruppe-muehlacker.de\/index.php?rest_route=\/wp\/v2\/pages\/1721\/revisions\/1975"}],"wp:attachment":[{"href":"https:\/\/kuenstlergruppe-muehlacker.de\/index.php?rest_route=%2Fwp%2Fv2%2Fmedia&parent=1721"}],"curies":[{"name":"wp","href":"https:\/\/api.w.org\/{rel}","templated":true}]}}