{"id":180,"date":"2018-01-27T11:43:05","date_gmt":"2018-01-27T11:43:05","guid":{"rendered":"http:\/\/kuenstlergruppe-muehlacker.de\/?page_id=180"},"modified":"2023-03-21T14:28:51","modified_gmt":"2023-03-21T14:28:51","slug":"test","status":"publish","type":"page","link":"https:\/\/kuenstlergruppe-muehlacker.de\/?page_id=180","title":{"rendered":"Gute Blume &#8211; B\u00f6se Blume 2015"},"content":{"rendered":"ngg_shortcode_0_placeholder\n<p>alle Fotos: \u00a9 Martin E. Kautter<\/p>\n<p><b>Die K\u00fcnstlergruppe M\u00fchlacker<\/b> hat sich ihre eigenen Gedanken zur Gartenschau gemacht und zeigt das Ergebnis in ihrer gro\u00dfen Ausstellung. Alle Mitglieder und etliche G\u00e4ste wurden eingeladen, den Titel \u201eGute Blume &#8211; B\u00f6se Blume\u201c f\u00fcr sich umzusetzen.<\/p>\n<p>Neben Blumenstillleben, die in der Galerie im M\u00fchlehof zu sehen sind, gibt es Werke und Werkgruppen in den verschiedensten Techniken. Neben Malerei, Zeichnung, Plastik und Fotografie werden auch Installationen und Videoarbeiten pr\u00e4sentiert.<\/p>\n<p>Die beteiligten K\u00fcnstler, Mitglieder der Gruppe und G\u00e4ste, wohnen in M\u00fchlacker oder sind der Stadt auf andere Weise verbunden:<\/p>\n<p>Sigrid K. Baumg\u00e4rtner, Susanne Bosselmann, Bernd Br\u00fcstle, Michael Dienelt, Martin Eisenhardt, Klaus Fiess, Benjamin F\u00f6rschler, Rinaldo Hopf, Martin E. Kautter, Ariane Koch, Albrecht M\u00fcnzmay, Chong-Im Neukamm, Martin von Ostrowski, Stefan Pinl, Birgit Prodinger, Paul Revellio, Uli Schanz, Berthold Scheible, KWAKU Eugen Sch\u00fctz, Hildegard und Celina Stretz, Inge Vollmer, Edith Wahl, Amelie Kim Weinert und Thomas Wilhelm<\/p>\n<p>Seit einigen Jahren stellt die Stadt M\u00fchlacker der K\u00fcnstlergruppe M\u00fchlacker Ausstellungsr\u00e4ume im M\u00fchlehof zur Verf\u00fcgung. Die Stadt f\u00f6rdert damit sowohl etablierte, als auch junge Kunst in M\u00fchlacker. Die K\u00fcnstlergruppe revanchiert sich mit einer j\u00e4hrlich stattfindenden Gruppenausstellung und weiteren Aktionen, wie z.B. der allj\u00e4hrlichen Kunstnacht (n\u00e4chste: 26.9.15 ab 18 Uhr). Im November wird in der Galerie im M\u00fchlehof eine Ausstellung mit Werken von Willi Sitte zu sehen sein.<\/p>\n<p><b>So finden Sie uns:<\/b><\/p>\n<p>Der M\u00fchlehof ist vom Gartenschaugel\u00e4nde aus \u00fcber eine Fu\u00dfg\u00e4ngerbr\u00fccke \u00fcber die B 10 direkt erreichbar. Der Eingang zur Galerie befindet sich zwischen der Gesch\u00e4ftsstelle der VHS und dem Gartenschaub\u00fcro.<\/p>\n<p>Vom Bahnhof \u00fcber die Bahnhofstra\u00dfe kommend geht man direkt auf den Eingang zu. Galerie im M\u00fchlehof Konrad-Adenauer-Platz 10 75417 M\u00fchlacker<\/p>\n<p><b>Finissage: &nbsp;Sa. 26. September ab 18 Uhr<\/b><\/p>\n<p>mit der 3. Kunstnacht rund um den M\u00fchlehof:<\/p>\n<p><b>\u00d6ffnungszeiten vom 10. Mai bis 20. September 2015:<br \/>\nsonntags 13 bis 18 Uhr<\/b><\/p>\n<p>Begleitprogramm: immer sonntags 15.00 Uhr<\/p>\n<p>Der Eintritt ist auch ohne Gartenschauticket frei.<\/p>\n<p>Gruppenf\u00fchrungen auch au\u00dferhalb der \u00d6ffnungszeiten k\u00f6nnen telefonisch vereinbart werden: Sigrid K. Baumg\u00e4rtner: 07041 \/ 3429 oder Paul Revellio: 07041 \/ 863 814<\/p>\n<p><i><b>Gute Blume \u2013 B\u00f6se Blume<\/b><\/i><\/p>\n<p><i>Rosen als Mariensymbole in der christlichen Malerei, die bunte Pracht der Blumensprache, die sich schon im alten China etabliert hatte und im viktorianischen Europa in Mode kam und die Flower-Power der 60er: Blumen sind seit Jahrhunderten ein fester Bestandteil von Kunst und Kultur. Die Ausstellung der K\u00fcnstlergruppe M\u00fchlacker im Rahmen der diesj\u00e4hrigen Gartenschau ergr\u00fcndet die kontrastreiche Vielfalt der Blumensymbolik. Der Ausstellungstitel \u201cGute Blume \u2013 B\u00f6se Blume\u201d mag merkw\u00fcrdig klingen und f\u00fchrt zugleich zu der Frage, ob es gute oder b\u00f6se Blumen \u00fcberhaupt gibt. In der Tat erscheinen weder klassische Blumenstillleben des Barock noch D\u00fcrers Naturstudien als gut oder b\u00f6se. Die Blumendarstellung erf\u00fcllt hier einen Selbstzweck. Dar\u00fcber hinaus h\u00e4lt die Blume in ihrer verg\u00e4nglichen Sch\u00f6nheit seit jeher einen festen Platz als Vanitas-Motiv in der Kunstgeschichte inne und die Sch\u00f6nheit ihrer Erscheinung ist auch der Grund, weswegen die Blume in erster Linie positiv konnotiert ist. Blumen werden gemeinhin mit Unschuld, Liebe und Treue assoziiert. Somit kann man in der Tat sagen: es gibt sie, die guten Blumen. Die andere Seite des hier aufgestellten Dualismus ist hingegen eine Seltenheit: die b\u00f6se Blume bl\u00fcht allegorisch bei Baudelaire und sprichw\u00f6rtlich im kleinen Horrorladen. Angesichts der kontextuellen Vielfalt darf die Neugier der Besucher auf die Werke der K\u00fcnstlergruppe M\u00fchlacker zurecht erbl\u00fchen.<\/i><\/p>\n<p>Anastassia R\u00fchl M.A.<\/p>\n","protected":false},"excerpt":{"rendered":"<p>alle Fotos: \u00a9 Martin E. Kautter Die K\u00fcnstlergruppe M\u00fchlacker hat sich ihre eigenen Gedanken zur Gartenschau gemacht und zeigt das Ergebnis in ihrer gro\u00dfen Ausstellung. Alle Mitglieder und etliche G\u00e4ste wurden eingeladen, den Titel \u201eGute Blume &#8211; B\u00f6se Blume\u201c f\u00fcr sich umzusetzen. Neben Blumenstillleben, die in der Galerie im M\u00fchlehof &hellip;<\/p>\n","protected":false},"author":1,"featured_media":0,"parent":0,"menu_order":0,"comment_status":"closed","ping_status":"closed","template":"","meta":{"ngg_post_thumbnail":0,"footnotes":""},"class_list":["post-180","page","type-page","status-publish","hentry"],"_links":{"self":[{"href":"https:\/\/kuenstlergruppe-muehlacker.de\/index.php?rest_route=\/wp\/v2\/pages\/180","targetHints":{"allow":["GET"]}}],"collection":[{"href":"https:\/\/kuenstlergruppe-muehlacker.de\/index.php?rest_route=\/wp\/v2\/pages"}],"about":[{"href":"https:\/\/kuenstlergruppe-muehlacker.de\/index.php?rest_route=\/wp\/v2\/types\/page"}],"author":[{"embeddable":true,"href":"https:\/\/kuenstlergruppe-muehlacker.de\/index.php?rest_route=\/wp\/v2\/users\/1"}],"replies":[{"embeddable":true,"href":"https:\/\/kuenstlergruppe-muehlacker.de\/index.php?rest_route=%2Fwp%2Fv2%2Fcomments&post=180"}],"version-history":[{"count":6,"href":"https:\/\/kuenstlergruppe-muehlacker.de\/index.php?rest_route=\/wp\/v2\/pages\/180\/revisions"}],"predecessor-version":[{"id":925,"href":"https:\/\/kuenstlergruppe-muehlacker.de\/index.php?rest_route=\/wp\/v2\/pages\/180\/revisions\/925"}],"wp:attachment":[{"href":"https:\/\/kuenstlergruppe-muehlacker.de\/index.php?rest_route=%2Fwp%2Fv2%2Fmedia&parent=180"}],"curies":[{"name":"wp","href":"https:\/\/api.w.org\/{rel}","templated":true}]}}