{"id":1957,"date":"2025-12-19T11:28:11","date_gmt":"2025-12-19T11:28:11","guid":{"rendered":"https:\/\/kuenstlergruppe-muehlacker.de\/?page_id=1957"},"modified":"2026-01-18T14:41:23","modified_gmt":"2026-01-18T14:41:23","slug":"jochen-gerst","status":"publish","type":"page","link":"https:\/\/kuenstlergruppe-muehlacker.de\/?page_id=1957","title":{"rendered":"Jochen Gerst"},"content":{"rendered":"\n<figure class=\"wp-block-image size-large is-resized\"><img loading=\"lazy\" decoding=\"async\" width=\"1024\" height=\"679\" src=\"https:\/\/kuenstlergruppe-muehlacker.de\/wp-content\/uploads\/2026\/01\/auf-der-mauer-gimp-1024x679.jpg\" alt=\"\" class=\"wp-image-2140\" style=\"aspect-ratio:1.5080705409453183;width:439px;height:auto\" srcset=\"https:\/\/kuenstlergruppe-muehlacker.de\/wp-content\/uploads\/2026\/01\/auf-der-mauer-gimp-1024x679.jpg 1024w, https:\/\/kuenstlergruppe-muehlacker.de\/wp-content\/uploads\/2026\/01\/auf-der-mauer-gimp-300x199.jpg 300w, https:\/\/kuenstlergruppe-muehlacker.de\/wp-content\/uploads\/2026\/01\/auf-der-mauer-gimp-768x509.jpg 768w, https:\/\/kuenstlergruppe-muehlacker.de\/wp-content\/uploads\/2026\/01\/auf-der-mauer-gimp-1536x1019.jpg 1536w, https:\/\/kuenstlergruppe-muehlacker.de\/wp-content\/uploads\/2026\/01\/auf-der-mauer-gimp-2048x1359.jpg 2048w, https:\/\/kuenstlergruppe-muehlacker.de\/wp-content\/uploads\/2026\/01\/auf-der-mauer-gimp-174x115.jpg 174w\" sizes=\"auto, (max-width: 1024px) 100vw, 1024px\" \/><\/figure>\n\n\n\n<p>Geboren im Februar des Jahres 1965 in Hohenklingen im Enzkreis.<\/p>\n\n\n\n<p>1982 -1985 Ausbildung zum Steinmetz<\/p>\n\n\n\n<p>1990 Beginn der Arbeiten im Holzschnitt<\/p>\n\n\n\n<p>1998 bis 1999 Meisterschule f\u00fcr Handwerker, Kaiserslautern<\/p>\n\n\n\n<p>1999 Steinmetz- und Steinbildhauermeister<\/p>\n\n\n\n<p>1999-2003 Arbeit als Freischaffender Bildhauer und als Steinmetz im Renovierungsbereich<\/p>\n\n\n\n<p>2003 -2007 Studium zum Kunsttherapeuten, Fachhochschule f\u00fcr Kunsttherapie in N\u00fcrtingen<\/p>\n\n\n\n<p>seit 2007 Arbeit als Kunsttherapeut in verschiedenen Einrichtungen.<\/p>\n\n\n\n<p>Seit 1987, Auswahl: verschiedene Ausstellungen in der Region, workshops zu Steinbildhauerei und Holzschnitt, Kunstprojekte in Jugendeinrichtungen und in Einrichtungen f\u00fcr Menschen mit Behinderung, Vorf\u00fchrungen in Museen, \u2026..<\/p>\n\n\n\n<p>\u201ebei der Suche nach Motiven im Rahmen meiner k\u00fcnstlerischen Arbeit fesseln mich spontan ausgepr\u00e4gte Strukturen, au\u00dfergew\u00f6hnliche Farbkombinationen, interessante Bildinhalte. Sie sind mit Triebfeder f\u00fcr meine k\u00fcnstlerische Arbeit. Das Ausw\u00e4hlen der Bildinhalte zwingt in gewisser Weise auch zum Katalogisieren und Archivieren und l\u00e4sst sich in etwa mit dem Begriff \u201e\u00e4sthetisches Forschen\u201c umschreiben.<\/p>\n\n\n\n<p>Im Schneiden des Druckstockes setze ich mich mit dem jeweiligen Motiv auseinander. Der Bildinhalt wird sozusagen seziert und ich arbeite innerhalb dieses Prozesses auf eine schl\u00fcssige Gestaltung hin. Die entstehenden Drucke sind wie Momentaufnahmen die einen kurzen Augenblick des Zeitflusses aufgreifen. Der gegenst\u00e4ndliche Impuls bildet die Grundstruktur der Drucke.<\/p>\n\n\n\n<p>Die Arbeitsweise beim Schneiden kennzeichnet den prozesshaften Charakter der Arbeit und im anschlie\u00dfenden Drucken, das a priori ein Vervielf\u00e4ltigungsmedium ist, scheint, im sich st\u00e4ndigen Wiederholen, der Grundcharakter von Zeit und Verg\u00e4nglichkeit durch.\u201c<\/p>\n\n\n\nngg_shortcode_0_placeholder\n","protected":false},"excerpt":{"rendered":"<p>Geboren im Februar des Jahres 1965 in Hohenklingen im Enzkreis. 1982 -1985 Ausbildung zum Steinmetz 1990 Beginn der Arbeiten im Holzschnitt 1998 bis 1999 Meisterschule f\u00fcr Handwerker, Kaiserslautern 1999 Steinmetz- und Steinbildhauermeister 1999-2003 Arbeit als Freischaffender Bildhauer und als Steinmetz im Renovierungsbereich 2003 -2007 Studium zum Kunsttherapeuten, Fachhochschule f\u00fcr Kunsttherapie &hellip;<\/p>\n","protected":false},"author":1,"featured_media":0,"parent":0,"menu_order":0,"comment_status":"closed","ping_status":"closed","template":"","meta":{"ngg_post_thumbnail":0,"footnotes":""},"class_list":["post-1957","page","type-page","status-publish","hentry"],"_links":{"self":[{"href":"https:\/\/kuenstlergruppe-muehlacker.de\/index.php?rest_route=\/wp\/v2\/pages\/1957","targetHints":{"allow":["GET"]}}],"collection":[{"href":"https:\/\/kuenstlergruppe-muehlacker.de\/index.php?rest_route=\/wp\/v2\/pages"}],"about":[{"href":"https:\/\/kuenstlergruppe-muehlacker.de\/index.php?rest_route=\/wp\/v2\/types\/page"}],"author":[{"embeddable":true,"href":"https:\/\/kuenstlergruppe-muehlacker.de\/index.php?rest_route=\/wp\/v2\/users\/1"}],"replies":[{"embeddable":true,"href":"https:\/\/kuenstlergruppe-muehlacker.de\/index.php?rest_route=%2Fwp%2Fv2%2Fcomments&post=1957"}],"version-history":[{"count":5,"href":"https:\/\/kuenstlergruppe-muehlacker.de\/index.php?rest_route=\/wp\/v2\/pages\/1957\/revisions"}],"predecessor-version":[{"id":2154,"href":"https:\/\/kuenstlergruppe-muehlacker.de\/index.php?rest_route=\/wp\/v2\/pages\/1957\/revisions\/2154"}],"wp:attachment":[{"href":"https:\/\/kuenstlergruppe-muehlacker.de\/index.php?rest_route=%2Fwp%2Fv2%2Fmedia&parent=1957"}],"curies":[{"name":"wp","href":"https:\/\/api.w.org\/{rel}","templated":true}]}}