{"id":1964,"date":"2025-12-19T11:46:37","date_gmt":"2025-12-19T11:46:37","guid":{"rendered":"https:\/\/kuenstlergruppe-muehlacker.de\/?page_id=1964"},"modified":"2026-01-20T10:16:12","modified_gmt":"2026-01-20T10:16:12","slug":"manfred-laekemaeker","status":"publish","type":"page","link":"https:\/\/kuenstlergruppe-muehlacker.de\/?page_id=1964","title":{"rendered":"Manfred L\u00e4kem\u00e4ker"},"content":{"rendered":"\n<figure class=\"wp-block-image size-large is-resized\"><img loading=\"lazy\" decoding=\"async\" width=\"1024\" height=\"683\" src=\"https:\/\/kuenstlergruppe-muehlacker.de\/wp-content\/uploads\/2026\/01\/DSC03423-sw-a-1024x683.jpg\" alt=\"\" class=\"wp-image-2114\" style=\"aspect-ratio:1.4992386750092739;width:387px;height:auto\" srcset=\"https:\/\/kuenstlergruppe-muehlacker.de\/wp-content\/uploads\/2026\/01\/DSC03423-sw-a-1024x683.jpg 1024w, https:\/\/kuenstlergruppe-muehlacker.de\/wp-content\/uploads\/2026\/01\/DSC03423-sw-a-300x200.jpg 300w, https:\/\/kuenstlergruppe-muehlacker.de\/wp-content\/uploads\/2026\/01\/DSC03423-sw-a-768x512.jpg 768w, https:\/\/kuenstlergruppe-muehlacker.de\/wp-content\/uploads\/2026\/01\/DSC03423-sw-a-1536x1024.jpg 1536w, https:\/\/kuenstlergruppe-muehlacker.de\/wp-content\/uploads\/2026\/01\/DSC03423-sw-a-2048x1366.jpg 2048w, https:\/\/kuenstlergruppe-muehlacker.de\/wp-content\/uploads\/2026\/01\/DSC03423-sw-a-174x116.jpg 174w\" sizes=\"auto, (max-width: 1024px) 100vw, 1024px\" \/><\/figure>\n\n\n\n<p><\/p>\n\n\n\n<p>Geboren 1948 in M\u00fchlacker<br>Seit 1975 aktiv in der St\u00e4dtepartnerschaft M\u00fchlacker \u2013 Bassano del Grappa.<br>Gruppen- und Einzelausstellungen in M\u00fchlacker, Illingen, Schm\u00f6lln\/Th\u00fcringen und Bassano del Grappa\/Italien.<br><br>Neben der Malerei mit Aquarell-, Pigment- und Acrylfarben widmet er sich auch seit mehr als 45 Jahren der Fotografie. Dabei ist ein Schwerpunkt die lokale Dokumentarfotografie, aber ebenso faszinieren ihn Architektur, Landschaften oder einfach Alltagsmotive, f\u00fcr die oftmals der Blick fehlt.<\/p>\n\n\n\n<p><\/p>\n","protected":false},"excerpt":{"rendered":"<p>Geboren 1948 in M\u00fchlackerSeit 1975 aktiv in der St\u00e4dtepartnerschaft M\u00fchlacker \u2013 Bassano del Grappa.Gruppen- und Einzelausstellungen in M\u00fchlacker, Illingen, Schm\u00f6lln\/Th\u00fcringen und Bassano del Grappa\/Italien. Neben der Malerei mit Aquarell-, Pigment- und Acrylfarben widmet er sich auch seit mehr als 45 Jahren der Fotografie. Dabei ist ein Schwerpunkt die lokale Dokumentarfotografie, &hellip;<\/p>\n","protected":false},"author":1,"featured_media":0,"parent":0,"menu_order":0,"comment_status":"closed","ping_status":"closed","template":"","meta":{"ngg_post_thumbnail":0,"footnotes":""},"class_list":["post-1964","page","type-page","status-publish","hentry"],"_links":{"self":[{"href":"https:\/\/kuenstlergruppe-muehlacker.de\/index.php?rest_route=\/wp\/v2\/pages\/1964","targetHints":{"allow":["GET"]}}],"collection":[{"href":"https:\/\/kuenstlergruppe-muehlacker.de\/index.php?rest_route=\/wp\/v2\/pages"}],"about":[{"href":"https:\/\/kuenstlergruppe-muehlacker.de\/index.php?rest_route=\/wp\/v2\/types\/page"}],"author":[{"embeddable":true,"href":"https:\/\/kuenstlergruppe-muehlacker.de\/index.php?rest_route=\/wp\/v2\/users\/1"}],"replies":[{"embeddable":true,"href":"https:\/\/kuenstlergruppe-muehlacker.de\/index.php?rest_route=%2Fwp%2Fv2%2Fcomments&post=1964"}],"version-history":[{"count":5,"href":"https:\/\/kuenstlergruppe-muehlacker.de\/index.php?rest_route=\/wp\/v2\/pages\/1964\/revisions"}],"predecessor-version":[{"id":2155,"href":"https:\/\/kuenstlergruppe-muehlacker.de\/index.php?rest_route=\/wp\/v2\/pages\/1964\/revisions\/2155"}],"wp:attachment":[{"href":"https:\/\/kuenstlergruppe-muehlacker.de\/index.php?rest_route=%2Fwp%2Fv2%2Fmedia&parent=1964"}],"curies":[{"name":"wp","href":"https:\/\/api.w.org\/{rel}","templated":true}]}}