{"id":2043,"date":"2026-01-04T18:56:30","date_gmt":"2026-01-04T18:56:30","guid":{"rendered":"https:\/\/kuenstlergruppe-muehlacker.de\/?page_id=2043"},"modified":"2026-01-04T21:09:12","modified_gmt":"2026-01-04T21:09:12","slug":"jahresausstellung-2025-page","status":"publish","type":"page","link":"https:\/\/kuenstlergruppe-muehlacker.de\/?page_id=2043","title":{"rendered":"Jahresausstellung 2025"},"content":{"rendered":"\n<p><\/p>\n\n\nngg_shortcode_0_placeholder\n\n\n<p><strong>Jahresausstellung<\/strong><br>K\u00fcnstlergruppe M\u00fchlacker<br>26. Oktober \u2013 23. November 2025<\/p>\n\n\n\n<figure class=\"wp-block-image\"><img loading=\"lazy\" decoding=\"async\" width=\"500\" height=\"328\" src=\"https:\/\/kuenstlergruppe-muehlacker.de\/wp-content\/uploads\/2025\/10\/Leni_Buchheiser_2025_Indigo-Blues-kl.jpg\" alt=\"\" class=\"wp-image-1935\" srcset=\"https:\/\/kuenstlergruppe-muehlacker.de\/wp-content\/uploads\/2025\/10\/Leni_Buchheiser_2025_Indigo-Blues-kl.jpg 500w, https:\/\/kuenstlergruppe-muehlacker.de\/wp-content\/uploads\/2025\/10\/Leni_Buchheiser_2025_Indigo-Blues-kl-300x197.jpg 300w, https:\/\/kuenstlergruppe-muehlacker.de\/wp-content\/uploads\/2025\/10\/Leni_Buchheiser_2025_Indigo-Blues-kl-174x114.jpg 174w\" sizes=\"auto, (max-width: 500px) 100vw, 500px\" \/><\/figure>\n\n\n\n<p>Er\u00f6ffnung am 26. Oktober 2025 um 11.00 Uhr<br>in der Enzstra\u00dfe 17<br>in den R\u00e4umen des\u2028 ehemaligen Malergesch\u00e4ftes Geissel.\u2028<br><br>Begr\u00fc\u00dfung: Oberb\u00fcrgermeister Frank Schneider<br>Einf\u00fchrende Worte: Avain Biederstaedt\u2028<\/p>\n\n\n\n<p><strong>Sigrid Baumg\u00e4rtner<br>Avain Biederstaedt<br>Susanne Bosselmann<br>Bernd Br\u00fcstle<br>Leni Buchheiser<br>Birgit Gerst<br>Jochen Gerst\u2028<\/strong><br><strong>Manfred L\u00e4kem\u00e4ker<br>Chong-Im Neukamm<br>Paul Revellio<br>KWAKU Eugen Sch\u00fctz<br>Thomas Wilhelm<\/strong><\/p>\n\n\n\n<p>\u00d6ffnungszeiten:<br>donnerstags: 16 &#8211; 19 Uhr<br>sonntags: 14 &#8211; 17 Uhr<\/p>\n\n\n\n<p>Mit der Ausstellung unterst\u00fctzen wir das Buki-Haus, eine Betreuungsst\u00e4tte f\u00fcr Roma-Kinder in Rum\u00e4nien.<\/p>\n\n\n\n<p><strong><br><br><\/strong><br><\/p>\n\n\n\n<hr class=\"wp-block-separator has-alpha-channel-opacity\"\/>\n","protected":false},"excerpt":{"rendered":"<p>JahresausstellungK\u00fcnstlergruppe M\u00fchlacker26. Oktober \u2013 23. November 2025 Er\u00f6ffnung am 26. Oktober 2025 um 11.00 Uhrin der Enzstra\u00dfe 17in den R\u00e4umen des\u2028 ehemaligen Malergesch\u00e4ftes Geissel.\u2028 Begr\u00fc\u00dfung: Oberb\u00fcrgermeister Frank SchneiderEinf\u00fchrende Worte: Avain Biederstaedt\u2028 Sigrid Baumg\u00e4rtnerAvain BiederstaedtSusanne BosselmannBernd Br\u00fcstleLeni BuchheiserBirgit GerstJochen Gerst\u2028Manfred L\u00e4kem\u00e4kerChong-Im NeukammPaul RevellioKWAKU Eugen Sch\u00fctzThomas Wilhelm \u00d6ffnungszeiten:donnerstags: 16 &#8211; 19 Uhrsonntags: &hellip;<\/p>\n","protected":false},"author":1,"featured_media":0,"parent":186,"menu_order":0,"comment_status":"closed","ping_status":"closed","template":"","meta":{"ngg_post_thumbnail":0,"footnotes":""},"class_list":["post-2043","page","type-page","status-publish","hentry"],"_links":{"self":[{"href":"https:\/\/kuenstlergruppe-muehlacker.de\/index.php?rest_route=\/wp\/v2\/pages\/2043","targetHints":{"allow":["GET"]}}],"collection":[{"href":"https:\/\/kuenstlergruppe-muehlacker.de\/index.php?rest_route=\/wp\/v2\/pages"}],"about":[{"href":"https:\/\/kuenstlergruppe-muehlacker.de\/index.php?rest_route=\/wp\/v2\/types\/page"}],"author":[{"embeddable":true,"href":"https:\/\/kuenstlergruppe-muehlacker.de\/index.php?rest_route=\/wp\/v2\/users\/1"}],"replies":[{"embeddable":true,"href":"https:\/\/kuenstlergruppe-muehlacker.de\/index.php?rest_route=%2Fwp%2Fv2%2Fcomments&post=2043"}],"version-history":[{"count":7,"href":"https:\/\/kuenstlergruppe-muehlacker.de\/index.php?rest_route=\/wp\/v2\/pages\/2043\/revisions"}],"predecessor-version":[{"id":2054,"href":"https:\/\/kuenstlergruppe-muehlacker.de\/index.php?rest_route=\/wp\/v2\/pages\/2043\/revisions\/2054"}],"up":[{"embeddable":true,"href":"https:\/\/kuenstlergruppe-muehlacker.de\/index.php?rest_route=\/wp\/v2\/pages\/186"}],"wp:attachment":[{"href":"https:\/\/kuenstlergruppe-muehlacker.de\/index.php?rest_route=%2Fwp%2Fv2%2Fmedia&parent=2043"}],"curies":[{"name":"wp","href":"https:\/\/api.w.org\/{rel}","templated":true}]}}