{"id":2067,"date":"2026-01-05T10:51:25","date_gmt":"2026-01-05T10:51:25","guid":{"rendered":"https:\/\/kuenstlergruppe-muehlacker.de\/?page_id=2067"},"modified":"2026-01-05T10:57:42","modified_gmt":"2026-01-05T10:57:42","slug":"2025-lange-nacht-der-demokratie","status":"publish","type":"page","link":"https:\/\/kuenstlergruppe-muehlacker.de\/?page_id=2067","title":{"rendered":"Lange Nacht der Demokratie"},"content":{"rendered":"\n<p><strong><br><\/strong><\/p>\n\n\n\n<p><\/p>\n\n\n\n<figure class=\"wp-block-image size-large is-resized\"><img loading=\"lazy\" decoding=\"async\" width=\"1024\" height=\"371\" src=\"https:\/\/kuenstlergruppe-muehlacker.de\/wp-content\/uploads\/2025\/10\/Titel-Banner-1024x371.jpg\" alt=\"\" class=\"wp-image-1927\" style=\"aspect-ratio:2.760008649242803;width:284px;height:auto\" srcset=\"https:\/\/kuenstlergruppe-muehlacker.de\/wp-content\/uploads\/2025\/10\/Titel-Banner-1024x371.jpg 1024w, https:\/\/kuenstlergruppe-muehlacker.de\/wp-content\/uploads\/2025\/10\/Titel-Banner-300x109.jpg 300w, https:\/\/kuenstlergruppe-muehlacker.de\/wp-content\/uploads\/2025\/10\/Titel-Banner-768x279.jpg 768w, https:\/\/kuenstlergruppe-muehlacker.de\/wp-content\/uploads\/2025\/10\/Titel-Banner-1536x557.jpg 1536w, https:\/\/kuenstlergruppe-muehlacker.de\/wp-content\/uploads\/2025\/10\/Titel-Banner-174x63.jpg 174w, https:\/\/kuenstlergruppe-muehlacker.de\/wp-content\/uploads\/2025\/10\/Titel-Banner.jpg 1748w\" sizes=\"auto, (max-width: 1024px) 100vw, 1024px\" \/><\/figure>\n\n\n\n<div style=\"height:21px\" aria-hidden=\"true\" class=\"wp-block-spacer\"><\/div>\n\n\n\n<p>Donnerstag, 2. Oktober 2025<br>Erstmals in M\u00fchlacker.&nbsp;Ein Abend voller Diskussion, Austausch und Kultur. Erleben Sie spannende Impulse, stellen Sie Fragen, kommen Sie ins Gespr\u00e4ch \u2014 und feiern Sie die Vielfalt unserer Demokratie.<\/p>\n\n\n\n<p><strong>Seien Sie dabei, wenn M\u00fchlacker zeigt: Demokratie lebt vom Mitmachen!<\/strong><\/p>\n\n\n\n<p>Eine Veranstaltung von Zusammenhalten M\u00fchlacker, gemeinsam mit: ev. Paulus-Kirchengemeinde, Stadtbibliothek, Jugendring Enzkreis, Citymanagement, Theodor-Heuss-Gymnasium, <em><strong>K\u00fcnstlergruppe M\u00fchlacker<\/strong><\/em>, H\u00f6hner\u2018s Lokale Gen\u00fcsse, Historisch-Arch\u00e4ologischer Verein, Enzg\u00e4rten-slam, Miteinanderleben e.V.<br><a href=\"https:\/\/zusammenhalten-muehlacker.de\/2025\/09\/09\/lange-nacht-der-demokratie\/\" target=\"_blank\" rel=\"noreferrer noopener\">mehr<\/a><br><br><strong>Auch die K\u00fcnstlergruppe beteiligt sich an der Langen Nacht der Demokratie<\/strong><\/p>\n\n\n\n<p>Wir feiern die Demokratie mit einem Sektempfang im ehemaligen Laden der Firma Geissel in der Enzsta\u00dfe 17<br>Ge\u00f6ffnet ab 17.00 Uhr<\/p>\n\n\n\n<p>Wir freuen uns, mit Ihnen auf die Demokratie ansto\u00dfen zu d\u00fcrfen.<\/p>\n\n\n\n<p><strong>Paul Revellio<\/strong> zeigt sein <strong>Revolutionsbild<\/strong>, das er in Erinnerung an seinen Ururgro\u00dfvater Carl Revellio gemalt hat. Carl Revellio hat die 48er Revolution in Baden hautnah miterlebt. Paul Revellio versucht sich ein Bild von den damaligen Ereignissen und dem Leben seines Vorfahren zu machen.<\/p>\n\n\n\n<p><strong>Sigrid Baumg\u00e4rtner<\/strong>: <strong>Philosophie und Kunst<\/strong> erm\u00f6glicht uns einen erweiterten Blick auf unser Selbst und die Gegenwart und befruchtet unser Engagement f\u00fcr die Demokratie. Darum besch\u00e4ftige ich mich seit einem Jahr in meinen Arbeiten mit den Philosophen Jenas um das Jahr 1807.<\/p>\n\n\n\n<p>Bei <strong>Jochen Gerst<\/strong> k\u00f6nnen die BesucherInnen ihr eigenes <strong>Flugblatt gestalten<\/strong> und auch selbst auf einer kleinen Presse drucken und mitnehmen.<\/p>\n\n\n\n<p><strong>Manfred L\u00e4kem\u00e4ker<\/strong> zeigt ein Plakat und freut sich auf Gespr\u00e4che mit den Besuchern<br><\/p>\n","protected":false},"excerpt":{"rendered":"<p>Donnerstag, 2. Oktober 2025Erstmals in M\u00fchlacker.&nbsp;Ein Abend voller Diskussion, Austausch und Kultur. Erleben Sie spannende Impulse, stellen Sie Fragen, kommen Sie ins Gespr\u00e4ch \u2014 und feiern Sie die Vielfalt unserer Demokratie. Seien Sie dabei, wenn M\u00fchlacker zeigt: Demokratie lebt vom Mitmachen! Eine Veranstaltung von Zusammenhalten M\u00fchlacker, gemeinsam mit: ev. Paulus-Kirchengemeinde, &hellip;<\/p>\n","protected":false},"author":1,"featured_media":0,"parent":0,"menu_order":0,"comment_status":"closed","ping_status":"closed","template":"","meta":{"ngg_post_thumbnail":0,"footnotes":""},"class_list":["post-2067","page","type-page","status-publish","hentry"],"_links":{"self":[{"href":"https:\/\/kuenstlergruppe-muehlacker.de\/index.php?rest_route=\/wp\/v2\/pages\/2067","targetHints":{"allow":["GET"]}}],"collection":[{"href":"https:\/\/kuenstlergruppe-muehlacker.de\/index.php?rest_route=\/wp\/v2\/pages"}],"about":[{"href":"https:\/\/kuenstlergruppe-muehlacker.de\/index.php?rest_route=\/wp\/v2\/types\/page"}],"author":[{"embeddable":true,"href":"https:\/\/kuenstlergruppe-muehlacker.de\/index.php?rest_route=\/wp\/v2\/users\/1"}],"replies":[{"embeddable":true,"href":"https:\/\/kuenstlergruppe-muehlacker.de\/index.php?rest_route=%2Fwp%2Fv2%2Fcomments&post=2067"}],"version-history":[{"count":5,"href":"https:\/\/kuenstlergruppe-muehlacker.de\/index.php?rest_route=\/wp\/v2\/pages\/2067\/revisions"}],"predecessor-version":[{"id":2073,"href":"https:\/\/kuenstlergruppe-muehlacker.de\/index.php?rest_route=\/wp\/v2\/pages\/2067\/revisions\/2073"}],"wp:attachment":[{"href":"https:\/\/kuenstlergruppe-muehlacker.de\/index.php?rest_route=%2Fwp%2Fv2%2Fmedia&parent=2067"}],"curies":[{"name":"wp","href":"https:\/\/api.w.org\/{rel}","templated":true}]}}