{"id":2076,"date":"2026-01-05T11:01:41","date_gmt":"2026-01-05T11:01:41","guid":{"rendered":"https:\/\/kuenstlergruppe-muehlacker.de\/?page_id=2076"},"modified":"2026-01-05T11:02:33","modified_gmt":"2026-01-05T11:02:33","slug":"jahresausstellung-2024","status":"publish","type":"page","link":"https:\/\/kuenstlergruppe-muehlacker.de\/?page_id=2076","title":{"rendered":"Jahresausstellung 2024"},"content":{"rendered":"\n<figure class=\"wp-block-image size-full\"><img loading=\"lazy\" decoding=\"async\" width=\"500\" height=\"352\" src=\"https:\/\/kuenstlergruppe-muehlacker.de\/wp-content\/uploads\/2024\/08\/IMG_1833-Leben-und-Tod-kl.jpeg\" alt=\"\" class=\"wp-image-1888\" srcset=\"https:\/\/kuenstlergruppe-muehlacker.de\/wp-content\/uploads\/2024\/08\/IMG_1833-Leben-und-Tod-kl.jpeg 500w, https:\/\/kuenstlergruppe-muehlacker.de\/wp-content\/uploads\/2024\/08\/IMG_1833-Leben-und-Tod-kl-300x211.jpeg 300w, https:\/\/kuenstlergruppe-muehlacker.de\/wp-content\/uploads\/2024\/08\/IMG_1833-Leben-und-Tod-kl-174x122.jpeg 174w\" sizes=\"auto, (max-width: 500px) 100vw, 500px\" \/><\/figure>\n\n\n\n<div style=\"height:32px\" aria-hidden=\"true\" class=\"wp-block-spacer\"><\/div>\n\n\n\n<p><strong>\u00dcber Leben und Tod<\/strong><br><strong>8. September &#8211; 6. Oktober 2024<\/strong><\/p>\n\n\n\n<p>Wir laden Sie und Ihre Freunde ein<br>zur Er\u00f6ffnung der Ausstellung<br>am 8. September 2024 um 11.00 Uhr<br>in der Enzstra\u00dfe 17 in den R\u00e4umen des ehemaligen Malergesch\u00e4ftes Geissel.<br>Begr\u00fc\u00dfung: Oberb\u00fcrgermeister Frank Schneider<\/p>\n\n\n\n<p>Einf\u00fchrende Worte: Dr. Markus Maisel <br>Musikalische Umrahmung: A. Biederstaedt<\/p>\n\n\n\n<p>\u00d6ffnungszeiten:<br>donnerstags: 16.00 &#8211; 19.00 Uhr<br>sonntags: 14.00 &#8211; 17.00 Uhr  <\/p>\n\n\n\n<p><\/p>\n\n\n\n<p>Gestalte deinen Lebensbaum<br>Kunst zum Mitmachen mit A. Biederstaedt<br>Am letzten Tag der Ausstellung haben die G\u00e4ste der Ausstellung die M\u00f6glichkeit, selbst kreativ zu werden. Vergangenheit, Gegenwart und Zukunft, Erinnerungen und W\u00fcnsche verschmelzen zu einem individuellen Lebensbaum. Die Teilnahme ist kostenlos und f\u00fcr alle Altersstufen offen.<\/p>\n\n\n\n<p>K\u00fcnstler:<\/p>\n\n\n\n<p>Sigrid Baumg\u00e4rtner<br>A. Biederstaedt<br>Susanne Bosselmann<br>Bernd Br\u00fcstle<br>Kirsten Elischer<br>Benjamin F\u00f6rschler<br>Birgit Gerst<br>Manfred L\u00e4kem\u00e4ker<br>Chong-Im Neukamm<br>Paul Revellio<br>Dorothee Simons<br>Hildegard Stretz<br>Thomas Wilhelm<\/p>\n\n\n\n<hr class=\"wp-block-separator has-alpha-channel-opacity\"\/>\n","protected":false},"excerpt":{"rendered":"<p>\u00dcber Leben und Tod8. September &#8211; 6. Oktober 2024 Wir laden Sie und Ihre Freunde einzur Er\u00f6ffnung der Ausstellungam 8. September 2024 um 11.00 Uhrin der Enzstra\u00dfe 17 in den R\u00e4umen des ehemaligen Malergesch\u00e4ftes Geissel.Begr\u00fc\u00dfung: Oberb\u00fcrgermeister Frank Schneider Einf\u00fchrende Worte: Dr. Markus Maisel Musikalische Umrahmung: A. Biederstaedt \u00d6ffnungszeiten:donnerstags: 16.00 &#8211; &hellip;<\/p>\n","protected":false},"author":1,"featured_media":0,"parent":0,"menu_order":0,"comment_status":"closed","ping_status":"closed","template":"","meta":{"ngg_post_thumbnail":0,"footnotes":""},"class_list":["post-2076","page","type-page","status-publish","hentry"],"_links":{"self":[{"href":"https:\/\/kuenstlergruppe-muehlacker.de\/index.php?rest_route=\/wp\/v2\/pages\/2076","targetHints":{"allow":["GET"]}}],"collection":[{"href":"https:\/\/kuenstlergruppe-muehlacker.de\/index.php?rest_route=\/wp\/v2\/pages"}],"about":[{"href":"https:\/\/kuenstlergruppe-muehlacker.de\/index.php?rest_route=\/wp\/v2\/types\/page"}],"author":[{"embeddable":true,"href":"https:\/\/kuenstlergruppe-muehlacker.de\/index.php?rest_route=\/wp\/v2\/users\/1"}],"replies":[{"embeddable":true,"href":"https:\/\/kuenstlergruppe-muehlacker.de\/index.php?rest_route=%2Fwp%2Fv2%2Fcomments&post=2076"}],"version-history":[{"count":2,"href":"https:\/\/kuenstlergruppe-muehlacker.de\/index.php?rest_route=\/wp\/v2\/pages\/2076\/revisions"}],"predecessor-version":[{"id":2078,"href":"https:\/\/kuenstlergruppe-muehlacker.de\/index.php?rest_route=\/wp\/v2\/pages\/2076\/revisions\/2078"}],"wp:attachment":[{"href":"https:\/\/kuenstlergruppe-muehlacker.de\/index.php?rest_route=%2Fwp%2Fv2%2Fmedia&parent=2076"}],"curies":[{"name":"wp","href":"https:\/\/api.w.org\/{rel}","templated":true}]}}