{"id":2082,"date":"2026-01-05T11:07:41","date_gmt":"2026-01-05T11:07:41","guid":{"rendered":"https:\/\/kuenstlergruppe-muehlacker.de\/?page_id=2082"},"modified":"2026-01-05T11:11:11","modified_gmt":"2026-01-05T11:11:11","slug":"grenzland5-29-september-2024","status":"publish","type":"page","link":"https:\/\/kuenstlergruppe-muehlacker.de\/?page_id=2082","title":{"rendered":"GRENZLAND"},"content":{"rendered":"\n<p> 5. &#8211; 29. September 2024<\/p>\n\n\n\n<p><\/p>\n\n\n\n<figure class=\"wp-block-image size-full\"><img loading=\"lazy\" decoding=\"async\" width=\"438\" height=\"439\" src=\"https:\/\/kuenstlergruppe-muehlacker.de\/wp-content\/uploads\/2024\/09\/1000008950b.jpg\" alt=\"\" class=\"wp-image-1898\" srcset=\"https:\/\/kuenstlergruppe-muehlacker.de\/wp-content\/uploads\/2024\/09\/1000008950b.jpg 438w, https:\/\/kuenstlergruppe-muehlacker.de\/wp-content\/uploads\/2024\/09\/1000008950b-300x300.jpg 300w, https:\/\/kuenstlergruppe-muehlacker.de\/wp-content\/uploads\/2024\/09\/1000008950b-150x150.jpg 150w, https:\/\/kuenstlergruppe-muehlacker.de\/wp-content\/uploads\/2024\/09\/1000008950b-350x350.jpg 350w, https:\/\/kuenstlergruppe-muehlacker.de\/wp-content\/uploads\/2024\/09\/1000008950b-174x174.jpg 174w\" sizes=\"auto, (max-width: 438px) 100vw, 438px\" \/><\/figure>\n\n\n\n<div style=\"height:36px\" aria-hidden=\"true\" class=\"wp-block-spacer\"><\/div>\n\n\n\n<p>Petra Herrmann (Schm\u00f6lln) <br>Sigrid Baumg\u00e4rtner (M\u00fchlacker)<\/p>\n\n\n\n<p>Vernissage 5. 9. 2024, 20 Uhr, Kelter M\u00fchlacker .<\/p>\n\n\n\n<p>\u00d6ffnungszeiten:<br>Jeden donnerstags von 13 bis 18 Uhr und sonntags von 14 Uhr bis 17 Uhr bis zum 29. 9. 2024.<\/p>\n","protected":false},"excerpt":{"rendered":"<p>5. &#8211; 29. September 2024 Petra Herrmann (Schm\u00f6lln) Sigrid Baumg\u00e4rtner (M\u00fchlacker) Vernissage 5. 9. 2024, 20 Uhr, Kelter M\u00fchlacker . \u00d6ffnungszeiten:Jeden donnerstags von 13 bis 18 Uhr und sonntags von 14 Uhr bis 17 Uhr bis zum 29. 9. 2024.<\/p>\n","protected":false},"author":1,"featured_media":0,"parent":0,"menu_order":0,"comment_status":"closed","ping_status":"closed","template":"","meta":{"ngg_post_thumbnail":0,"footnotes":""},"class_list":["post-2082","page","type-page","status-publish","hentry"],"_links":{"self":[{"href":"https:\/\/kuenstlergruppe-muehlacker.de\/index.php?rest_route=\/wp\/v2\/pages\/2082","targetHints":{"allow":["GET"]}}],"collection":[{"href":"https:\/\/kuenstlergruppe-muehlacker.de\/index.php?rest_route=\/wp\/v2\/pages"}],"about":[{"href":"https:\/\/kuenstlergruppe-muehlacker.de\/index.php?rest_route=\/wp\/v2\/types\/page"}],"author":[{"embeddable":true,"href":"https:\/\/kuenstlergruppe-muehlacker.de\/index.php?rest_route=\/wp\/v2\/users\/1"}],"replies":[{"embeddable":true,"href":"https:\/\/kuenstlergruppe-muehlacker.de\/index.php?rest_route=%2Fwp%2Fv2%2Fcomments&post=2082"}],"version-history":[{"count":3,"href":"https:\/\/kuenstlergruppe-muehlacker.de\/index.php?rest_route=\/wp\/v2\/pages\/2082\/revisions"}],"predecessor-version":[{"id":2087,"href":"https:\/\/kuenstlergruppe-muehlacker.de\/index.php?rest_route=\/wp\/v2\/pages\/2082\/revisions\/2087"}],"wp:attachment":[{"href":"https:\/\/kuenstlergruppe-muehlacker.de\/index.php?rest_route=%2Fwp%2Fv2%2Fmedia&parent=2082"}],"curies":[{"name":"wp","href":"https:\/\/api.w.org\/{rel}","templated":true}]}}