{"id":2093,"date":"2026-01-05T11:17:18","date_gmt":"2026-01-05T11:17:18","guid":{"rendered":"https:\/\/kuenstlergruppe-muehlacker.de\/?page_id=2093"},"modified":"2026-01-05T11:17:20","modified_gmt":"2026-01-05T11:17:20","slug":"jahresausstellung-2023","status":"publish","type":"page","link":"https:\/\/kuenstlergruppe-muehlacker.de\/?page_id=2093","title":{"rendered":"Jahresausstellung 2023"},"content":{"rendered":"\n<figure class=\"wp-block-image size-full is-resized\"><img loading=\"lazy\" decoding=\"async\" width=\"1000\" height=\"667\" src=\"https:\/\/kuenstlergruppe-muehlacker.de\/wp-content\/uploads\/2023\/04\/20230326_Denk-ich-an-Muehlacker_014-Bearbeitet-1-Thomas-kl.jpg\" alt=\"Fotografie von Thomas Wilhelm. Sie zeigt das Gel\u00e4nde der ehemligen Brauerei in D\u00fcrrmenz\" class=\"wp-image-1836\" style=\"width:467px;height:311px\" srcset=\"https:\/\/kuenstlergruppe-muehlacker.de\/wp-content\/uploads\/2023\/04\/20230326_Denk-ich-an-Muehlacker_014-Bearbeitet-1-Thomas-kl.jpg 1000w, https:\/\/kuenstlergruppe-muehlacker.de\/wp-content\/uploads\/2023\/04\/20230326_Denk-ich-an-Muehlacker_014-Bearbeitet-1-Thomas-kl-300x200.jpg 300w, https:\/\/kuenstlergruppe-muehlacker.de\/wp-content\/uploads\/2023\/04\/20230326_Denk-ich-an-Muehlacker_014-Bearbeitet-1-Thomas-kl-768x512.jpg 768w, https:\/\/kuenstlergruppe-muehlacker.de\/wp-content\/uploads\/2023\/04\/20230326_Denk-ich-an-Muehlacker_014-Bearbeitet-1-Thomas-kl-174x116.jpg 174w\" sizes=\"auto, (max-width: 1000px) 100vw, 1000px\" \/><\/figure>\n\n\n\n<h4 class=\"wp-block-heading has-normal-font-size\">Denk ich an M\u00fchlacker&#8230;<br>22. Juni bis 14. Juli 2023<\/h4>\n\n\n\n<p><\/p>\n\n\n\n<p>Rathaus M\u00fchlacker<\/p>\n\n\n\n<p>Er\u00f6ffnung der Ausstellung:<br>Donnerstag, 22. Juni 2023, 19.30 Uhr<br>Am Blue-Friday, 23. Juni 2023, ist die Ausstellung bis 20.00 Uhr ge\u00f6ffnet.<\/p>\n\n\n\n<p>K\u00fcnstler:<br>Anastassia und Christian Biederstaedt<br>Susanne Bosselmann<br>Birgit Gerst (Gast)<br>Jochen Gerst<br>Martin E. Kautter<br>Manfred L\u00e4kem\u00e4ker<br>Chong-Im Neukamm<br>KWAKU Eugen Sch\u00fctz (?)<br>Paul Revellio<br>Dorothee Simons<br>H + C Stretz<br>Thomas Wilhelm<\/p>\n","protected":false},"excerpt":{"rendered":"<p>Denk ich an M\u00fchlacker&#8230;22. Juni bis 14. Juli 2023 Rathaus M\u00fchlacker Er\u00f6ffnung der Ausstellung:Donnerstag, 22. Juni 2023, 19.30 UhrAm Blue-Friday, 23. Juni 2023, ist die Ausstellung bis 20.00 Uhr ge\u00f6ffnet. K\u00fcnstler:Anastassia und Christian BiederstaedtSusanne BosselmannBirgit Gerst (Gast)Jochen GerstMartin E. KautterManfred L\u00e4kem\u00e4kerChong-Im NeukammKWAKU Eugen Sch\u00fctz (?)Paul RevellioDorothee SimonsH + C StretzThomas &hellip;<\/p>\n","protected":false},"author":1,"featured_media":0,"parent":0,"menu_order":0,"comment_status":"closed","ping_status":"closed","template":"","meta":{"ngg_post_thumbnail":0,"footnotes":""},"class_list":["post-2093","page","type-page","status-publish","hentry"],"_links":{"self":[{"href":"https:\/\/kuenstlergruppe-muehlacker.de\/index.php?rest_route=\/wp\/v2\/pages\/2093","targetHints":{"allow":["GET"]}}],"collection":[{"href":"https:\/\/kuenstlergruppe-muehlacker.de\/index.php?rest_route=\/wp\/v2\/pages"}],"about":[{"href":"https:\/\/kuenstlergruppe-muehlacker.de\/index.php?rest_route=\/wp\/v2\/types\/page"}],"author":[{"embeddable":true,"href":"https:\/\/kuenstlergruppe-muehlacker.de\/index.php?rest_route=\/wp\/v2\/users\/1"}],"replies":[{"embeddable":true,"href":"https:\/\/kuenstlergruppe-muehlacker.de\/index.php?rest_route=%2Fwp%2Fv2%2Fcomments&post=2093"}],"version-history":[{"count":1,"href":"https:\/\/kuenstlergruppe-muehlacker.de\/index.php?rest_route=\/wp\/v2\/pages\/2093\/revisions"}],"predecessor-version":[{"id":2094,"href":"https:\/\/kuenstlergruppe-muehlacker.de\/index.php?rest_route=\/wp\/v2\/pages\/2093\/revisions\/2094"}],"wp:attachment":[{"href":"https:\/\/kuenstlergruppe-muehlacker.de\/index.php?rest_route=%2Fwp%2Fv2%2Fmedia&parent=2093"}],"curies":[{"name":"wp","href":"https:\/\/api.w.org\/{rel}","templated":true}]}}