{"id":220,"date":"2018-01-27T15:49:08","date_gmt":"2018-01-27T15:49:08","guid":{"rendered":"http:\/\/kuenstlergruppe-muehlacker.de\/?page_id=220"},"modified":"2026-03-04T16:20:47","modified_gmt":"2026-03-04T16:20:47","slug":"anastassia-biederstaedt","status":"publish","type":"page","link":"https:\/\/kuenstlergruppe-muehlacker.de\/?page_id=220","title":{"rendered":"Avain Biederstaedt"},"content":{"rendered":"\n<p><br><strong>Avain Biederstaedt<\/strong><\/p>\n\n\n\n<p>Geboren 1987<br>2008 \u2013 2014 Studium der Anglistik und der Kunstgeschichte an der Universit\u00e4t Stuttgart<br>Seit 2015 freiberuflich kunstschaffend<br>2015 Beginn der Zusammenarbeit mit der K\u00fcnstlergruppe M\u00fchlacker<br>&nbsp;<\/p>\n\n\n\n<p>Kunst ist ein geeignetes Mittel, um schmerzhafte Erfahrungen in einen Heilungsprozess zu wandeln und um die gelebte Realit\u00e4t des Alltags kreativ zu verarbeiten. Daraus resultieren multimediale Werke, welche sowohl philosophisch als auch symbolhaft sind.&nbsp;Traditionelle Techniken wie Malerei und Zeichnung bilden die Grundlage f\u00fcr reliefartige Objekte, welche die Grenzen zwischen den Dimensionen eines flachen Bildes und der Dreidimensionalit\u00e4t einer Plastik verwischen.<br>Aus der Offenheit f\u00fcr neue Medien und Ausdrucksformen entsteht eine Kunst des Experimentierens und sch\u00f6pferischen Lernens.<\/p>\n\n\n\nngg_shortcode_0_placeholder\n\n\n\n<p><a href=\"http:\/\/www.avain-biederstaedt.com\" target=\"_blank\" rel=\"noreferrer noopener\">www.avain-biederstaedt.com<\/a><\/p>\n","protected":false},"excerpt":{"rendered":"<p>Avain Biederstaedt Geboren 19872008 \u2013 2014 Studium der Anglistik und der Kunstgeschichte an der Universit\u00e4t StuttgartSeit 2015 freiberuflich kunstschaffend2015 Beginn der Zusammenarbeit mit der K\u00fcnstlergruppe M\u00fchlacker&nbsp; Kunst ist ein geeignetes Mittel, um schmerzhafte Erfahrungen in einen Heilungsprozess zu wandeln und um die gelebte Realit\u00e4t des Alltags kreativ zu verarbeiten. Daraus &hellip;<\/p>\n","protected":false},"author":1,"featured_media":0,"parent":0,"menu_order":0,"comment_status":"closed","ping_status":"closed","template":"","meta":{"ngg_post_thumbnail":0,"footnotes":""},"class_list":["post-220","page","type-page","status-publish","hentry"],"_links":{"self":[{"href":"https:\/\/kuenstlergruppe-muehlacker.de\/index.php?rest_route=\/wp\/v2\/pages\/220","targetHints":{"allow":["GET"]}}],"collection":[{"href":"https:\/\/kuenstlergruppe-muehlacker.de\/index.php?rest_route=\/wp\/v2\/pages"}],"about":[{"href":"https:\/\/kuenstlergruppe-muehlacker.de\/index.php?rest_route=\/wp\/v2\/types\/page"}],"author":[{"embeddable":true,"href":"https:\/\/kuenstlergruppe-muehlacker.de\/index.php?rest_route=\/wp\/v2\/users\/1"}],"replies":[{"embeddable":true,"href":"https:\/\/kuenstlergruppe-muehlacker.de\/index.php?rest_route=%2Fwp%2Fv2%2Fcomments&post=220"}],"version-history":[{"count":14,"href":"https:\/\/kuenstlergruppe-muehlacker.de\/index.php?rest_route=\/wp\/v2\/pages\/220\/revisions"}],"predecessor-version":[{"id":2193,"href":"https:\/\/kuenstlergruppe-muehlacker.de\/index.php?rest_route=\/wp\/v2\/pages\/220\/revisions\/2193"}],"wp:attachment":[{"href":"https:\/\/kuenstlergruppe-muehlacker.de\/index.php?rest_route=%2Fwp%2Fv2%2Fmedia&parent=220"}],"curies":[{"name":"wp","href":"https:\/\/api.w.org\/{rel}","templated":true}]}}