{"id":225,"date":"2018-01-27T15:49:08","date_gmt":"2018-01-27T15:49:08","guid":{"rendered":"http:\/\/kuenstlergruppe-muehlacker.de\/?page_id=225"},"modified":"2021-03-03T11:04:03","modified_gmt":"2021-03-03T11:04:03","slug":"thomas-wilhelm","status":"publish","type":"page","link":"https:\/\/kuenstlergruppe-muehlacker.de\/?page_id=225","title":{"rendered":"Thomas Wilhelm"},"content":{"rendered":"\n<figure class=\"wp-block-image size-large\"><img loading=\"lazy\" decoding=\"async\" width=\"1000\" height=\"668\" src=\"https:\/\/kuenstlergruppe-muehlacker.de\/wp-content\/uploads\/2021\/03\/20180325_Selbstportr_t_012-Bearbeitet.jpg\" alt=\"Thomas Wilhelm\" class=\"wp-image-1603\" srcset=\"https:\/\/kuenstlergruppe-muehlacker.de\/wp-content\/uploads\/2021\/03\/20180325_Selbstportr_t_012-Bearbeitet.jpg 1000w, https:\/\/kuenstlergruppe-muehlacker.de\/wp-content\/uploads\/2021\/03\/20180325_Selbstportr_t_012-Bearbeitet-300x200.jpg 300w, https:\/\/kuenstlergruppe-muehlacker.de\/wp-content\/uploads\/2021\/03\/20180325_Selbstportr_t_012-Bearbeitet-768x513.jpg 768w, https:\/\/kuenstlergruppe-muehlacker.de\/wp-content\/uploads\/2021\/03\/20180325_Selbstportr_t_012-Bearbeitet-374x250.jpg 374w\" sizes=\"auto, (max-width: 1000px) 100vw, 1000px\" \/><\/figure>\n\n\n<p><span style=\"font-family: Calibri Light, sans-serif;\">Wenn der Ausspruch von Anderl Heckmair &#8211; dem Erstbeteiger der Eiger Nordwand &#8211; stimmt, dass nur das Erlebnis z\u00e4hlt, ist es offensichtlich, dass diese Sandk\u00f6rner in der Weite der W\u00fcsten, diese Inseln der Erinnerung im Ozean des Vergessens, so entscheidend f\u00fcr unser Leben sind.<\/span><\/p>\n<p><span style=\"font-family: Calibri Light, sans-serif;\">Weit \u00fcber das vermeintlich objektive Medium der Ged\u00e4chtnisst\u00fctze f\u00fcr wertvolle Erlebnisse hinaus, erlaubt die Photographie, auch auf leise, unbewusste Zwischent\u00f6ne des Erlebten zur\u00fcckzugreifen, die sich dann bei der Entwicklung und Betrachtung ihre Bahn brechen.<\/span><\/p>\n<p><span style=\"font-family: Calibri Light, sans-serif;\">Kognitiv oft im Verborgenen, worin die Vertrautheit, die Anziehung zu dem photografisch Festgehaltenem besteht, sch\u00e4lt sich das Motiv hinter dem Motiv, das Entscheidende, das Wichtige des Augenblicks oft erst nach gr\u00fcndlicher Auseinandersetzung heraus, oft l\u00e4sst es sich nur nebul\u00f6s erahnen.<\/span><\/p>\n<p><span style=\"font-family: Calibri Light, sans-serif;\">Das entwickelte Bild als Fineartprint in H\u00e4nden, die vertraute Haptik, die Ruhe des Betrachtens, die Abstraktion zur Wirklichkeit, er\u00f6ffnet M\u00f6glichkeiten, die Muse zu entwickeln, sich Gedanken \u00fcber die Art der Anziehung hinzugeben und Antworten auf Fragen der Motivwahl zu finden.<\/span><\/p>\n<p><a href=\"https:\/\/thomaswilhelm-fotographie.jimdo.com\/\" target=\"_blank\" rel=\"noopener noreferrer\"><em>mehr<\/em><\/a><\/p>\nngg_shortcode_0_placeholder\n\n\n<p><a href=\"https:\/\/thomaswilhelm-fotographie.jimdofree.com\/\">thomaswilhelm-fotographie.jimdofree.com<\/a><\/p>\n","protected":false},"excerpt":{"rendered":"<p>Wenn der Ausspruch von Anderl Heckmair &#8211; dem Erstbeteiger der Eiger Nordwand &#8211; stimmt, dass nur das Erlebnis z\u00e4hlt, ist es offensichtlich, dass diese Sandk\u00f6rner in der Weite der W\u00fcsten, diese Inseln der Erinnerung im Ozean des Vergessens, so entscheidend f\u00fcr unser Leben sind. Weit \u00fcber das vermeintlich objektive Medium &hellip;<\/p>\n","protected":false},"author":1,"featured_media":0,"parent":0,"menu_order":0,"comment_status":"closed","ping_status":"closed","template":"","meta":{"ngg_post_thumbnail":0,"footnotes":""},"class_list":["post-225","page","type-page","status-publish","hentry"],"_links":{"self":[{"href":"https:\/\/kuenstlergruppe-muehlacker.de\/index.php?rest_route=\/wp\/v2\/pages\/225","targetHints":{"allow":["GET"]}}],"collection":[{"href":"https:\/\/kuenstlergruppe-muehlacker.de\/index.php?rest_route=\/wp\/v2\/pages"}],"about":[{"href":"https:\/\/kuenstlergruppe-muehlacker.de\/index.php?rest_route=\/wp\/v2\/types\/page"}],"author":[{"embeddable":true,"href":"https:\/\/kuenstlergruppe-muehlacker.de\/index.php?rest_route=\/wp\/v2\/users\/1"}],"replies":[{"embeddable":true,"href":"https:\/\/kuenstlergruppe-muehlacker.de\/index.php?rest_route=%2Fwp%2Fv2%2Fcomments&post=225"}],"version-history":[{"count":13,"href":"https:\/\/kuenstlergruppe-muehlacker.de\/index.php?rest_route=\/wp\/v2\/pages\/225\/revisions"}],"predecessor-version":[{"id":1613,"href":"https:\/\/kuenstlergruppe-muehlacker.de\/index.php?rest_route=\/wp\/v2\/pages\/225\/revisions\/1613"}],"wp:attachment":[{"href":"https:\/\/kuenstlergruppe-muehlacker.de\/index.php?rest_route=%2Fwp%2Fv2%2Fmedia&parent=225"}],"curies":[{"name":"wp","href":"https:\/\/api.w.org\/{rel}","templated":true}]}}