{"id":227,"date":"2018-01-27T15:49:08","date_gmt":"2018-01-27T15:49:08","guid":{"rendered":"http:\/\/kuenstlergruppe-muehlacker.de\/?page_id=227"},"modified":"2026-01-18T13:36:00","modified_gmt":"2026-01-18T13:36:00","slug":"benjamin-foerschler","status":"publish","type":"page","link":"https:\/\/kuenstlergruppe-muehlacker.de\/?page_id=227","title":{"rendered":"Benjamin F\u00f6rschler"},"content":{"rendered":"\n<p><strong>Benjamin F\u00f6rschler<\/strong> <br>Im Vordergrund steht f\u00fcr mich der Arbeitsprozess. Das Material wird ausgew\u00e4hlt und mit der Arbeitsweise und Technik abgestimmt. Hierbei schr\u00e4nke ich mich stark ein, indem ich mir einen klaren Arbeitsrahmen schaffe. Somit kann ich mich voll auf den k\u00fcnstlerisch-sch\u00f6pferischen Prozess einlassen. Das Werk ist wie eine Momentaufnahme des Arbeitsprozesses.<br>Erst in einem zweiten Schritt wird das entstandene Werk in den Rahmen des Themas eingeordnet und geschaut, was braucht es, um hier st\u00e4rker in Verbindung zu treten.<\/p>\n","protected":false},"excerpt":{"rendered":"<p>Benjamin F\u00f6rschler Im Vordergrund steht f\u00fcr mich der Arbeitsprozess. Das Material wird ausgew\u00e4hlt und mit der Arbeitsweise und Technik abgestimmt. Hierbei schr\u00e4nke ich mich stark ein, indem ich mir einen klaren Arbeitsrahmen schaffe. Somit kann ich mich voll auf den k\u00fcnstlerisch-sch\u00f6pferischen Prozess einlassen. Das Werk ist wie eine Momentaufnahme des &hellip;<\/p>\n","protected":false},"author":1,"featured_media":0,"parent":0,"menu_order":0,"comment_status":"closed","ping_status":"closed","template":"","meta":{"ngg_post_thumbnail":0,"footnotes":""},"class_list":["post-227","page","type-page","status-publish","hentry"],"_links":{"self":[{"href":"https:\/\/kuenstlergruppe-muehlacker.de\/index.php?rest_route=\/wp\/v2\/pages\/227","targetHints":{"allow":["GET"]}}],"collection":[{"href":"https:\/\/kuenstlergruppe-muehlacker.de\/index.php?rest_route=\/wp\/v2\/pages"}],"about":[{"href":"https:\/\/kuenstlergruppe-muehlacker.de\/index.php?rest_route=\/wp\/v2\/types\/page"}],"author":[{"embeddable":true,"href":"https:\/\/kuenstlergruppe-muehlacker.de\/index.php?rest_route=\/wp\/v2\/users\/1"}],"replies":[{"embeddable":true,"href":"https:\/\/kuenstlergruppe-muehlacker.de\/index.php?rest_route=%2Fwp%2Fv2%2Fcomments&post=227"}],"version-history":[{"count":3,"href":"https:\/\/kuenstlergruppe-muehlacker.de\/index.php?rest_route=\/wp\/v2\/pages\/227\/revisions"}],"predecessor-version":[{"id":2107,"href":"https:\/\/kuenstlergruppe-muehlacker.de\/index.php?rest_route=\/wp\/v2\/pages\/227\/revisions\/2107"}],"wp:attachment":[{"href":"https:\/\/kuenstlergruppe-muehlacker.de\/index.php?rest_route=%2Fwp%2Fv2%2Fmedia&parent=227"}],"curies":[{"name":"wp","href":"https:\/\/api.w.org\/{rel}","templated":true}]}}