{"id":228,"date":"2018-01-27T15:49:09","date_gmt":"2018-01-27T15:49:09","guid":{"rendered":"http:\/\/kuenstlergruppe-muehlacker.de\/?page_id=228"},"modified":"2026-01-18T13:46:52","modified_gmt":"2026-01-18T13:46:52","slug":"albrecht-muenzmay","status":"publish","type":"page","link":"https:\/\/kuenstlergruppe-muehlacker.de\/?page_id=228","title":{"rendered":"Albrecht M\u00fcnzmay"},"content":{"rendered":"\n<p>1963-1965 Studium an der Fachhochschule f\u00fcr Gestaltung in Pforzheim bei Professor Reiling.<br>1967-1968 St\u00e4dtische Gewerbeschule M\u00fcnchen Meisterpr\u00fcfung mit Auszeichnung<br>Seit 1970 selbstst\u00e4ndig als freischaffender K\u00fcnstler.<br>Mehrfach ausgezeichnet bei Schmuckwettbewerben.<br>Einzel- und Gruppenausstellungen im In- und Ausland.<br><br>Der Goldschmiedemeister und Schmuckdesigner geh\u00f6rt zu den Gr\u00fcndungsmitgliedern der K\u00fcnstlergruppe M\u00fchlacker. In seinen Arbeiten treffen klassuscge Edelmetalle und Edelsteine auf ungew\u00f6hnliche Materialien aus dem Alltag wie beispielsweise Kieselsteine.<\/p>\n\n\n\n<p>Albrecht M\u00fcnzmay verwischt die Grenzen zwischen Kunsthandwerk und Kunst, indem er Bilder erschafft, deren Bestandteile wie Broschen weiterhin herausnehmbar und tragbar sind.<\/p>\n","protected":false},"excerpt":{"rendered":"<p>1963-1965 Studium an der Fachhochschule f\u00fcr Gestaltung in Pforzheim bei Professor Reiling.1967-1968 St\u00e4dtische Gewerbeschule M\u00fcnchen Meisterpr\u00fcfung mit AuszeichnungSeit 1970 selbstst\u00e4ndig als freischaffender K\u00fcnstler.Mehrfach ausgezeichnet bei Schmuckwettbewerben.Einzel- und Gruppenausstellungen im In- und Ausland. Der Goldschmiedemeister und Schmuckdesigner geh\u00f6rt zu den Gr\u00fcndungsmitgliedern der K\u00fcnstlergruppe M\u00fchlacker. In seinen Arbeiten treffen klassuscge Edelmetalle und &hellip;<\/p>\n","protected":false},"author":1,"featured_media":0,"parent":0,"menu_order":0,"comment_status":"closed","ping_status":"closed","template":"","meta":{"ngg_post_thumbnail":0,"footnotes":""},"class_list":["post-228","page","type-page","status-publish","hentry"],"_links":{"self":[{"href":"https:\/\/kuenstlergruppe-muehlacker.de\/index.php?rest_route=\/wp\/v2\/pages\/228","targetHints":{"allow":["GET"]}}],"collection":[{"href":"https:\/\/kuenstlergruppe-muehlacker.de\/index.php?rest_route=\/wp\/v2\/pages"}],"about":[{"href":"https:\/\/kuenstlergruppe-muehlacker.de\/index.php?rest_route=\/wp\/v2\/types\/page"}],"author":[{"embeddable":true,"href":"https:\/\/kuenstlergruppe-muehlacker.de\/index.php?rest_route=\/wp\/v2\/users\/1"}],"replies":[{"embeddable":true,"href":"https:\/\/kuenstlergruppe-muehlacker.de\/index.php?rest_route=%2Fwp%2Fv2%2Fcomments&post=228"}],"version-history":[{"count":2,"href":"https:\/\/kuenstlergruppe-muehlacker.de\/index.php?rest_route=\/wp\/v2\/pages\/228\/revisions"}],"predecessor-version":[{"id":2119,"href":"https:\/\/kuenstlergruppe-muehlacker.de\/index.php?rest_route=\/wp\/v2\/pages\/228\/revisions\/2119"}],"wp:attachment":[{"href":"https:\/\/kuenstlergruppe-muehlacker.de\/index.php?rest_route=%2Fwp%2Fv2%2Fmedia&parent=228"}],"curies":[{"name":"wp","href":"https:\/\/api.w.org\/{rel}","templated":true}]}}