{"id":231,"date":"2018-01-27T15:49:09","date_gmt":"2018-01-27T15:49:09","guid":{"rendered":"http:\/\/kuenstlergruppe-muehlacker.de\/?page_id=231"},"modified":"2023-03-16T11:05:40","modified_gmt":"2023-03-16T11:05:40","slug":"chong-im-neukamm","status":"publish","type":"page","link":"https:\/\/kuenstlergruppe-muehlacker.de\/?page_id=231","title":{"rendered":"Chong Im Neukamm"},"content":{"rendered":"\n<figure class=\"wp-block-image size-medium is-style-default\"><img loading=\"lazy\" decoding=\"async\" width=\"300\" height=\"296\" src=\"https:\/\/kuenstlergruppe-muehlacker.de\/wp-content\/uploads\/2023\/03\/Bild-Chong-Im-kl-300x296.jpg\" alt=\"\" class=\"wp-image-1734\" srcset=\"https:\/\/kuenstlergruppe-muehlacker.de\/wp-content\/uploads\/2023\/03\/Bild-Chong-Im-kl-300x296.jpg 300w, https:\/\/kuenstlergruppe-muehlacker.de\/wp-content\/uploads\/2023\/03\/Bild-Chong-Im-kl-768x757.jpg 768w, https:\/\/kuenstlergruppe-muehlacker.de\/wp-content\/uploads\/2023\/03\/Bild-Chong-Im-kl-304x300.jpg 304w, https:\/\/kuenstlergruppe-muehlacker.de\/wp-content\/uploads\/2023\/03\/Bild-Chong-Im-kl.jpg 1000w\" sizes=\"auto, (max-width: 300px) 100vw, 300px\" \/><\/figure>\n\n\n\n<p><\/p>\n\n\n\n<p>Plastiken aus Keramik<\/p>\n\n\n\n<p>Geboren in S\u00fcd-Korea &#8211; lebt und arbeitet in M\u00fchlacker.<br>Seit Jahren intensive Besch\u00e4ftigung mit keramischen Plastiken und Malerei.<br>Teilnahme an Workshops und Kurse in Deutschland und Korea.<br>Seit 2005 zahlreiche Einzel- und Gruppenausstellungen.<br>Werke auch im \u00f6ffentlichen Raum.<\/p>\n\n\n\n<p><\/p>\n\n\n\n<p><a href=\"http:\/\/www.neukamm-art.de\">www.neukamm-art.de<\/a><\/p>\n","protected":false},"excerpt":{"rendered":"<p>Plastiken aus Keramik Geboren in S\u00fcd-Korea &#8211; lebt und arbeitet in M\u00fchlacker.Seit Jahren intensive Besch\u00e4ftigung mit keramischen Plastiken und Malerei.Teilnahme an Workshops und Kurse in Deutschland und Korea.Seit 2005 zahlreiche Einzel- und Gruppenausstellungen.Werke auch im \u00f6ffentlichen Raum. www.neukamm-art.de<\/p>\n","protected":false},"author":1,"featured_media":0,"parent":0,"menu_order":0,"comment_status":"closed","ping_status":"closed","template":"","meta":{"ngg_post_thumbnail":0,"footnotes":""},"class_list":["post-231","page","type-page","status-publish","hentry"],"_links":{"self":[{"href":"https:\/\/kuenstlergruppe-muehlacker.de\/index.php?rest_route=\/wp\/v2\/pages\/231","targetHints":{"allow":["GET"]}}],"collection":[{"href":"https:\/\/kuenstlergruppe-muehlacker.de\/index.php?rest_route=\/wp\/v2\/pages"}],"about":[{"href":"https:\/\/kuenstlergruppe-muehlacker.de\/index.php?rest_route=\/wp\/v2\/types\/page"}],"author":[{"embeddable":true,"href":"https:\/\/kuenstlergruppe-muehlacker.de\/index.php?rest_route=\/wp\/v2\/users\/1"}],"replies":[{"embeddable":true,"href":"https:\/\/kuenstlergruppe-muehlacker.de\/index.php?rest_route=%2Fwp%2Fv2%2Fcomments&post=231"}],"version-history":[{"count":11,"href":"https:\/\/kuenstlergruppe-muehlacker.de\/index.php?rest_route=\/wp\/v2\/pages\/231\/revisions"}],"predecessor-version":[{"id":1746,"href":"https:\/\/kuenstlergruppe-muehlacker.de\/index.php?rest_route=\/wp\/v2\/pages\/231\/revisions\/1746"}],"wp:attachment":[{"href":"https:\/\/kuenstlergruppe-muehlacker.de\/index.php?rest_route=%2Fwp%2Fv2%2Fmedia&parent=231"}],"curies":[{"name":"wp","href":"https:\/\/api.w.org\/{rel}","templated":true}]}}