{"id":234,"date":"2018-01-27T15:49:09","date_gmt":"2018-01-27T15:49:09","guid":{"rendered":"http:\/\/kuenstlergruppe-muehlacker.de\/?page_id=234"},"modified":"2021-10-05T10:35:18","modified_gmt":"2021-10-05T10:35:18","slug":"inge-vollmer","status":"publish","type":"page","link":"https:\/\/kuenstlergruppe-muehlacker.de\/?page_id=234","title":{"rendered":"Inge Luise Vollmer \u2020"},"content":{"rendered":"\n<figure class=\"wp-block-image size-medium\"><img loading=\"lazy\" decoding=\"async\" width=\"300\" height=\"300\" src=\"https:\/\/kuenstlergruppe-muehlacker.de\/wp-content\/uploads\/2021\/10\/P3234375bearbeitet_kleiner-300x300.jpg\" alt=\"Inge Vollmer\" class=\"wp-image-1631\" srcset=\"https:\/\/kuenstlergruppe-muehlacker.de\/wp-content\/uploads\/2021\/10\/P3234375bearbeitet_kleiner-300x300.jpg 300w, https:\/\/kuenstlergruppe-muehlacker.de\/wp-content\/uploads\/2021\/10\/P3234375bearbeitet_kleiner-150x150.jpg 150w, https:\/\/kuenstlergruppe-muehlacker.de\/wp-content\/uploads\/2021\/10\/P3234375bearbeitet_kleiner-768x768.jpg 768w, https:\/\/kuenstlergruppe-muehlacker.de\/wp-content\/uploads\/2021\/10\/P3234375bearbeitet_kleiner-350x350.jpg 350w, https:\/\/kuenstlergruppe-muehlacker.de\/wp-content\/uploads\/2021\/10\/P3234375bearbeitet_kleiner.jpg 1000w\" sizes=\"auto, (max-width: 300px) 100vw, 300px\" \/><\/figure>\n\n\n\n<p>1934 &#8211; 2020<\/p>\n\n\n\n<p>lebte und arbeitete freischaffend in M\u00fchlacker-Lienzingen<\/p>\n\n\n\n<p>1992<\/p>\n\n\n\n<p>Ausbildung an der Kunstschule A. Khan-Leonhard in Zeichnung, Pastell, Acryl und \u00d6lmalerei bei Prof. Dr. Georg Peez<\/p>\n\n\n\n<p>Thematik<\/p>\n\n\n\n<p>K\u00fcnstlerische Herausforderung bietet mir das aktuelle Zeitgeschehen. Dabei ist es meine Absicht, nicht nur die Wirklichkeit realistisch und detailgetreu abzubilden, sondern mit abstrakter Vorgehensweise den Kern einer Sache bzw. eines Themas zu erfassen. Dabei nutze ich verschiedene Techniken, zum Beispiel Spachtel, \u00d6l, Acrylmalerei und Materialcollagen.<\/p>\n\n\n\n<p>1995<\/p>\n\n\n\n<p>Preis beim Bundes-Kreativwettbewerb<\/p>\n\n\n\n<p>Seit 1995<\/p>\n\n\n\n<p>Mitglied im Kunst- und Kunstgewerbeverein Pforzheim, Galerie Br\u00f6tzinger Art e.V.  Verein f\u00fcr k\u00fcnstlerische Auseinandersetzung, Pforzheimer Kulturat e.V. Sektion Bildende Kunst, M\u00fchlacker K\u00fcnstlergruppe<\/p>\n\n\n\n<p>Einzelausstellungen:<br> 2000<\/p>\n\n\n\n<p>Sparkase Pforzheim, Gesch\u00e4ftsstelle M\u00fchlacker<\/p>\n\n\n\n<p>2010<\/p>\n\n\n\n<p>Ausstellung Galerie im M\u00fchlehof M\u00fchlacker  &#8222;Inge Luise Vollmer &#8211; Malerei&#8220; <\/p>\n\n\n\n<p> 2012<\/p>\n\n\n\n<p>Werkschau 1992 &#8211; 2012 im Kulturzentrum &#8211; Trinkhalle, Bad Wildbad<\/p>\n\n\n\n<p> Ausstellungsbeteiligungen:<\/p>\n\n\n\n<p>1995<\/p>\n\n\n\n<p>Kunstverein Pforzheim &#8222;Der 23. Februar 1945 &#8211; 50 Jahre danach&#8220;<\/p>\n\n\n\n<p> 1995 &#8211; 2009<\/p>\n\n\n\n<p>J\u00e4hrliche Mitgliederausstellungen &#8222;Weihnachtsausstellungen des Kunstvereins Pforzheim&#8220;<\/p>\n\n\n\n<p> 2000<\/p>\n\n\n\n<p>Aktionsgemeinschaft Pforzheim Loft\/Q Train<\/p>\n\n\n\n<p> 2003<\/p>\n\n\n\n<p>Kunst aus zwei Regionen Bassano &#8211; M\u00fchlacker<\/p>\n\n\n\n<p> 2005<\/p>\n\n\n\n<p>Zum Projekt von Soroptimist International Club Pforzheim 2005 Volksbank Pforzheim<\/p>\n\n\n\n<p> 2005 &#8211; 2010<\/p>\n\n\n\n<p>KunstMarkt &#8211; Forum Bau+Kultur Knittlingen<\/p>\n\n\n\n<p> 2005 &#8211; 2014<\/p>\n\n\n\n<p>K\u00fcnstlergruppe M\u00fchlacker, Kunst im Uhlandbau<\/p>\n\n\n\n<p>2009<\/p>\n\n\n\n<p>Tempor\u00e4re Kunstkammer der Mitglieder des Kunstverein Pforzheim &#8222;Was mir lieb und teuer ist&#8220;<\/p>\n\n\n\n<p><br><br><br><\/p>\n\n\n","protected":false},"excerpt":{"rendered":"<p>1934 &#8211; 2020 lebte und arbeitete freischaffend in M\u00fchlacker-Lienzingen 1992 Ausbildung an der Kunstschule A. Khan-Leonhard in Zeichnung, Pastell, Acryl und \u00d6lmalerei bei Prof. Dr. Georg Peez Thematik K\u00fcnstlerische Herausforderung bietet mir das aktuelle Zeitgeschehen. Dabei ist es meine Absicht, nicht nur die Wirklichkeit realistisch und detailgetreu abzubilden, sondern mit &hellip;<\/p>\n","protected":false},"author":1,"featured_media":0,"parent":0,"menu_order":0,"comment_status":"closed","ping_status":"closed","template":"","meta":{"ngg_post_thumbnail":0,"footnotes":""},"class_list":["post-234","page","type-page","status-publish","hentry"],"_links":{"self":[{"href":"https:\/\/kuenstlergruppe-muehlacker.de\/index.php?rest_route=\/wp\/v2\/pages\/234","targetHints":{"allow":["GET"]}}],"collection":[{"href":"https:\/\/kuenstlergruppe-muehlacker.de\/index.php?rest_route=\/wp\/v2\/pages"}],"about":[{"href":"https:\/\/kuenstlergruppe-muehlacker.de\/index.php?rest_route=\/wp\/v2\/types\/page"}],"author":[{"embeddable":true,"href":"https:\/\/kuenstlergruppe-muehlacker.de\/index.php?rest_route=\/wp\/v2\/users\/1"}],"replies":[{"embeddable":true,"href":"https:\/\/kuenstlergruppe-muehlacker.de\/index.php?rest_route=%2Fwp%2Fv2%2Fcomments&post=234"}],"version-history":[{"count":21,"href":"https:\/\/kuenstlergruppe-muehlacker.de\/index.php?rest_route=\/wp\/v2\/pages\/234\/revisions"}],"predecessor-version":[{"id":1632,"href":"https:\/\/kuenstlergruppe-muehlacker.de\/index.php?rest_route=\/wp\/v2\/pages\/234\/revisions\/1632"}],"wp:attachment":[{"href":"https:\/\/kuenstlergruppe-muehlacker.de\/index.php?rest_route=%2Fwp%2Fv2%2Fmedia&parent=234"}],"curies":[{"name":"wp","href":"https:\/\/api.w.org\/{rel}","templated":true}]}}