{"id":411,"date":"2018-01-30T13:18:29","date_gmt":"2018-01-30T13:18:29","guid":{"rendered":"http:\/\/kuenstlergruppe-muehlacker.de\/?page_id=411"},"modified":"2022-01-25T11:59:52","modified_gmt":"2022-01-25T11:59:52","slug":"volker-henkel","status":"publish","type":"page","link":"https:\/\/kuenstlergruppe-muehlacker.de\/?page_id=411","title":{"rendered":"Volker Henkel"},"content":{"rendered":"\n<figure class=\"wp-block-image size-large\"><img loading=\"lazy\" decoding=\"async\" width=\"700\" height=\"466\" src=\"https:\/\/kuenstlergruppe-muehlacker.de\/wp-content\/uploads\/2020\/06\/DSC_1308.1.jpg\" alt=\"\" class=\"wp-image-1484\" srcset=\"https:\/\/kuenstlergruppe-muehlacker.de\/wp-content\/uploads\/2020\/06\/DSC_1308.1.jpg 700w, https:\/\/kuenstlergruppe-muehlacker.de\/wp-content\/uploads\/2020\/06\/DSC_1308.1-300x200.jpg 300w, https:\/\/kuenstlergruppe-muehlacker.de\/wp-content\/uploads\/2020\/06\/DSC_1308.1-374x249.jpg 374w\" sizes=\"auto, (max-width: 700px) 100vw, 700px\" \/><\/figure>\n\n\n\n<p>1966<br>geboren in Pforzheim.<br>seit 1994<br>Fotoausstellungen in der Region.<br>1996 bis 2012<br>Gitarrist und S\u00e4nger<br>1999 &#8211; 2004<br>Schauspielmitglied der Maulbronner Klosterb\u00fchne, Gedichte- und Textschreiber<br>seit 2012<br>Mitglied der K\u00fcnstlergruppe M\u00fchlacker<br><\/p>\n\n\n\n<p>Kunst ist f\u00fcr die Wahrnehmung und der Ausdruck der eigenen Pers\u00f6nlichkeit in unterschiedlichen Formen. Kunst ist die Wandlung des eigenen Ichs in expressiven Formen.<\/p>\n","protected":false},"excerpt":{"rendered":"<p>1966geboren in Pforzheim.seit 1994Fotoausstellungen in der Region.1996 bis 2012Gitarrist und S\u00e4nger1999 &#8211; 2004Schauspielmitglied der Maulbronner Klosterb\u00fchne, Gedichte- und Textschreiberseit 2012Mitglied der K\u00fcnstlergruppe M\u00fchlacker Kunst ist f\u00fcr die Wahrnehmung und der Ausdruck der eigenen Pers\u00f6nlichkeit in unterschiedlichen Formen. Kunst ist die Wandlung des eigenen Ichs in expressiven Formen.<\/p>\n","protected":false},"author":1,"featured_media":0,"parent":0,"menu_order":0,"comment_status":"closed","ping_status":"closed","template":"","meta":{"ngg_post_thumbnail":0,"footnotes":""},"class_list":["post-411","page","type-page","status-publish","hentry"],"_links":{"self":[{"href":"https:\/\/kuenstlergruppe-muehlacker.de\/index.php?rest_route=\/wp\/v2\/pages\/411","targetHints":{"allow":["GET"]}}],"collection":[{"href":"https:\/\/kuenstlergruppe-muehlacker.de\/index.php?rest_route=\/wp\/v2\/pages"}],"about":[{"href":"https:\/\/kuenstlergruppe-muehlacker.de\/index.php?rest_route=\/wp\/v2\/types\/page"}],"author":[{"embeddable":true,"href":"https:\/\/kuenstlergruppe-muehlacker.de\/index.php?rest_route=\/wp\/v2\/users\/1"}],"replies":[{"embeddable":true,"href":"https:\/\/kuenstlergruppe-muehlacker.de\/index.php?rest_route=%2Fwp%2Fv2%2Fcomments&post=411"}],"version-history":[{"count":4,"href":"https:\/\/kuenstlergruppe-muehlacker.de\/index.php?rest_route=\/wp\/v2\/pages\/411\/revisions"}],"predecessor-version":[{"id":1644,"href":"https:\/\/kuenstlergruppe-muehlacker.de\/index.php?rest_route=\/wp\/v2\/pages\/411\/revisions\/1644"}],"wp:attachment":[{"href":"https:\/\/kuenstlergruppe-muehlacker.de\/index.php?rest_route=%2Fwp%2Fv2%2Fmedia&parent=411"}],"curies":[{"name":"wp","href":"https:\/\/api.w.org\/{rel}","templated":true}]}}