{"id":63,"date":"2018-01-25T11:49:34","date_gmt":"2018-01-25T11:49:34","guid":{"rendered":"http:\/\/kuenstlergruppe-muehlacker.de\/?page_id=63"},"modified":"2026-04-12T11:06:01","modified_gmt":"2026-04-12T11:06:01","slug":"termine","status":"publish","type":"page","link":"https:\/\/kuenstlergruppe-muehlacker.de\/","title":{"rendered":"Termine"},"content":{"rendered":"\n<p><br><\/p>\n\n\n\n<p class=\"has-large-font-size\">Landschaft massiv<\/p>\n\n\n\n<figure class=\"wp-block-image size-full is-resized\"><img loading=\"lazy\" decoding=\"async\" width=\"700\" height=\"457\" src=\"https:\/\/kuenstlergruppe-muehlacker.de\/wp-content\/uploads\/2026\/01\/20240816_194629gimpkl.jpg\" alt=\"\" class=\"wp-image-2001\" style=\"aspect-ratio:1.5317111713249978;width:172px;height:auto\" srcset=\"https:\/\/kuenstlergruppe-muehlacker.de\/wp-content\/uploads\/2026\/01\/20240816_194629gimpkl.jpg 700w, https:\/\/kuenstlergruppe-muehlacker.de\/wp-content\/uploads\/2026\/01\/20240816_194629gimpkl-300x196.jpg 300w, https:\/\/kuenstlergruppe-muehlacker.de\/wp-content\/uploads\/2026\/01\/20240816_194629gimpkl-174x114.jpg 174w\" sizes=\"auto, (max-width: 700px) 100vw, 700px\" \/><\/figure>\n\n\n\n<p class=\"has-normal-font-size\">Galerie Geisselladen, M\u00fchlacker Enzstr. 17<br><br><\/p>\n\n\n\n<hr>\n\n\n\n<p class=\"has-normal-font-size\"><\/p>\n\n\n\n<figure class=\"wp-block-image size-full is-resized\"><img loading=\"lazy\" decoding=\"async\" width=\"1000\" height=\"750\" src=\"https:\/\/kuenstlergruppe-muehlacker.de\/wp-content\/uploads\/2026\/04\/Galerie-Geissel.jpg\" alt=\"\" class=\"wp-image-2276\" style=\"width:327px;height:auto\" srcset=\"https:\/\/kuenstlergruppe-muehlacker.de\/wp-content\/uploads\/2026\/04\/Galerie-Geissel.jpg 1000w, https:\/\/kuenstlergruppe-muehlacker.de\/wp-content\/uploads\/2026\/04\/Galerie-Geissel-300x225.jpg 300w, https:\/\/kuenstlergruppe-muehlacker.de\/wp-content\/uploads\/2026\/04\/Galerie-Geissel-768x576.jpg 768w, https:\/\/kuenstlergruppe-muehlacker.de\/wp-content\/uploads\/2026\/04\/Galerie-Geissel-174x131.jpg 174w\" sizes=\"auto, (max-width: 1000px) 100vw, 1000px\" \/><\/figure>\n\n\n\n<p class=\"has-large-font-size\">Bernd Br\u00fcstle Landschaften<\/p>\n\n\n\n<p class=\"has-normal-font-size\"><br>ge\u00f6ffnet am Sonntag, 12. April 2026, von 14 &#8211; 17 Uhr<\/p>\n\n\n\n<figure class=\"wp-block-image size-full is-resized\"><img loading=\"lazy\" decoding=\"async\" width=\"1000\" height=\"804\" src=\"https:\/\/kuenstlergruppe-muehlacker.de\/wp-content\/uploads\/2026\/04\/20260411_140832gimpkl.jpg\" alt=\"\" class=\"wp-image-2277\" style=\"aspect-ratio:1.243765019583283;width:315px;height:auto\" srcset=\"https:\/\/kuenstlergruppe-muehlacker.de\/wp-content\/uploads\/2026\/04\/20260411_140832gimpkl.jpg 1000w, https:\/\/kuenstlergruppe-muehlacker.de\/wp-content\/uploads\/2026\/04\/20260411_140832gimpkl-300x241.jpg 300w, https:\/\/kuenstlergruppe-muehlacker.de\/wp-content\/uploads\/2026\/04\/20260411_140832gimpkl-768x617.jpg 768w, https:\/\/kuenstlergruppe-muehlacker.de\/wp-content\/uploads\/2026\/04\/20260411_140832gimpkl-174x140.jpg 174w\" sizes=\"auto, (max-width: 1000px) 100vw, 1000px\" \/><\/figure>\n\n\n\n<hr>\n\n\n\n<p><a href=\"https:\/\/art-hiking.com\/ausstellungen\/\" target=\"_blank\" rel=\"noreferrer noopener\">Art Hiking Festival 20. &#8211; 29. M\u00e4rz 2026 <\/a><\/p>\n\n\n\n<p><\/p>\n\n\n\n<p class=\"has-large-font-size\">Landschaft massiv<\/p>\n\n\n\n<p class=\"has-normal-font-size\">Thomas Wilhelm (Fotografie)<br>Bernd Br\u00fcstle (Malerei)<br>Manfred L\u00e4kem\u00e4ker (Fotografie)<br>Jochen Gerst (Druckvorf\u00fchrung)<br><br><\/p>\n\n\n\n<p>Aufgrund der enormen Nachfrage ist die Ausstellung zu folgenden Terminen erneut ge\u00f6ffnet:<\/p>\n\n\n\n<p class=\"has-normal-font-size\">So. 29. M\u00e4rz, 14:00 bis 17:00:<br>So. 12. April, 14:00 bis 17:00:<br>So. 19. April, 14:00 bis 17:00: mit Multimediashow, Druckvorf\u00fchrung und Vortrag von Dr. Markus Maisel.<\/p>\n\n\n\n<p class=\"has-normal-font-size\">Bei der Auftaktveranstaltung des Kunstwandern-Festivals zeigte die K\u00fcnstlergruppe M\u00fchlacker unter dem Titel&nbsp;<em>Landschaft massiv<\/em>&nbsp;gro\u00dfformatige Gem\u00e4lde mit Motiven der heimatlichen Landschaft. Flankiert wurde dies durch die Multimedia-Pr\u00e4sentation von Thomas Wilhelm zum Thema \u201ecausa sui\u201c, Natur und Landschaften, erhaltenswert allein um ihrer selbst willen. Es wurden \u00fcber 100 Bilder gezeigt, meist in schwarz wei\u00df. Erg\u00e4nzt wurden die Bilder durch von Manfred L\u00e4kem\u00e4ker fotografisch festgehaltene Momente der heimatlichen Umgebung. <br>Dauer der Show ca. 10 Minuten.<br>Zus\u00e4tzlich installierte Jochen Gerst einen \u201eEndlosdruck\u201c.<\/p>\n\n\n\n<figure class=\"wp-block-image size-full is-resized\"><img loading=\"lazy\" decoding=\"async\" width=\"500\" height=\"334\" src=\"https:\/\/kuenstlergruppe-muehlacker.de\/wp-content\/uploads\/2025\/12\/20151004-Engadin-076-kl.jpg\" alt=\"\" class=\"wp-image-1984\" style=\"width:464px;height:auto\" srcset=\"https:\/\/kuenstlergruppe-muehlacker.de\/wp-content\/uploads\/2025\/12\/20151004-Engadin-076-kl.jpg 500w, https:\/\/kuenstlergruppe-muehlacker.de\/wp-content\/uploads\/2025\/12\/20151004-Engadin-076-kl-300x200.jpg 300w, https:\/\/kuenstlergruppe-muehlacker.de\/wp-content\/uploads\/2025\/12\/20151004-Engadin-076-kl-174x116.jpg 174w\" sizes=\"auto, (max-width: 500px) 100vw, 500px\" \/><\/figure>\n\n\n\n<div style=\"height:60px\" aria-hidden=\"true\" class=\"wp-block-spacer\"><\/div>\n\n\n\n<p><\/p>\n\n\n\n<hr>\n\n\n\n<p><a href=\"https:\/\/art-hiking.com\/ausstellungen\/\" target=\"_blank\" rel=\"noreferrer noopener\">Art Hiking Festival 20. &#8211; 29. M\u00e4rz 2026 <\/a><\/p>\n\n\n\n<p>25. M\u00e4rz 2026<br>Garten Hindenburgstra\u00dfe 25<\/p>\n\n\n\n<p><\/p>\n\n\n\n<p class=\"has-large-font-size\">Sigrid Baumg\u00e4rtner f\u00fchrt durch ihren Garten<\/p>\n\n\n\n<figure class=\"wp-block-image size-full is-resized\"><img loading=\"lazy\" decoding=\"async\" width=\"1536\" height=\"2048\" src=\"https:\/\/kuenstlergruppe-muehlacker.de\/wp-content\/uploads\/2026\/03\/Koepfe-im-Garten.jpg\" alt=\"\" class=\"wp-image-2235\" style=\"aspect-ratio:0.7024745705077811;width:330px;height:auto\" srcset=\"https:\/\/kuenstlergruppe-muehlacker.de\/wp-content\/uploads\/2026\/03\/Koepfe-im-Garten.jpg 1536w, https:\/\/kuenstlergruppe-muehlacker.de\/wp-content\/uploads\/2026\/03\/Koepfe-im-Garten-225x300.jpg 225w, https:\/\/kuenstlergruppe-muehlacker.de\/wp-content\/uploads\/2026\/03\/Koepfe-im-Garten-768x1024.jpg 768w, https:\/\/kuenstlergruppe-muehlacker.de\/wp-content\/uploads\/2026\/03\/Koepfe-im-Garten-1152x1536.jpg 1152w, https:\/\/kuenstlergruppe-muehlacker.de\/wp-content\/uploads\/2026\/03\/Koepfe-im-Garten-174x232.jpg 174w\" sizes=\"auto, (max-width: 1536px) 100vw, 1536px\" \/><\/figure>\n\n\n\n<p><\/p>\n\n\n\n<p class=\"has-normal-font-size\">Im Rahmen von Kunst und Wandern auf Initiative des K\u00fcnstlers Lars*Kollros lade ich alle Kunst- und Garteninteressierten herzlich in meinen Garten ein, am 25. M\u00e4rz 2026, 16.30 Uhr in die Hindenburgstra\u00dfe 25 in M\u00fchlacker. Der Garten f\u00e4ngt den Fr\u00fchling ein und meine neuen Arbeiten setzen zus\u00e4tzliche Akzente zur noch zur\u00fcckhaltenden Natur. <br><br>Ich freue mich auf gute Gespr\u00e4che. <br>Sigrid Baumg\u00e4rtner<\/p>\n\n\n\nhr>\n\n\n\n<div style=\"height:100px\" aria-hidden=\"true\" class=\"wp-block-spacer\"><\/div>\n\n\n\n<p><a href=\"https:\/\/art-hiking.com\/ausstellungen\/\" target=\"_blank\" rel=\"noreferrer noopener\">Art Hiking Festival 20. &#8211; 29. M\u00e4rz 2026 <\/a><\/p>\n\n\n\n<p>26. M\u00e4rz 2026<br>Kirchenburg Lienzingen<\/p>\n\n\n\n<p class=\"has-large-font-size\">Susanne Bosselmann  &#8211; Jeder ist anders<\/p>\n\n\n\n<p>Im Rahmen des Kunst-Wander-Festivals M\u00fchlacker auf Initiative des K\u00fcnstlers Lars*Kollros sind alle Kunstinteressierten eingeladen am Donnerstag, 26.03.2026 bei den Kirchenburg-Gaden in Lienzingen die tempor\u00e4re Installation \u201cJeder ist anders ? ? ? ! !! von Susanne Bosselmann zu betrachten und zu diskutieren.<br>Ab 17.30 Uhr bei den Kirchenburg-Gaden an der Peterskirche in Lienzingen.<\/p>\n\n\n\n<figure class=\"wp-block-image size-large is-resized\"><img loading=\"lazy\" decoding=\"async\" width=\"768\" height=\"1024\" src=\"https:\/\/kuenstlergruppe-muehlacker.de\/wp-content\/uploads\/2026\/03\/Objektbild_538kb-768x1024.jpg\" alt=\"\" class=\"wp-image-2254\" style=\"aspect-ratio:0.7500000178813938;width:331px;height:auto\" srcset=\"https:\/\/kuenstlergruppe-muehlacker.de\/wp-content\/uploads\/2026\/03\/Objektbild_538kb-768x1024.jpg 768w, https:\/\/kuenstlergruppe-muehlacker.de\/wp-content\/uploads\/2026\/03\/Objektbild_538kb-225x300.jpg 225w, https:\/\/kuenstlergruppe-muehlacker.de\/wp-content\/uploads\/2026\/03\/Objektbild_538kb-1152x1536.jpg 1152w, https:\/\/kuenstlergruppe-muehlacker.de\/wp-content\/uploads\/2026\/03\/Objektbild_538kb-1536x2048.jpg 1536w, https:\/\/kuenstlergruppe-muehlacker.de\/wp-content\/uploads\/2026\/03\/Objektbild_538kb-174x232.jpg 174w, https:\/\/kuenstlergruppe-muehlacker.de\/wp-content\/uploads\/2026\/03\/Objektbild_538kb.jpg 1560w\" sizes=\"auto, (max-width: 768px) 100vw, 768px\" \/><\/figure>\n\n\n\n<p>Wer bestimmt, was anders ist?<br>Wie sehr \u201canders sein\u201d wird akzeptiert?<br>Wie viel oder wenig Andersartigkeit braucht es, um nicht mehr \u201cdazu\u201d zu geh\u00f6ren? ?<\/p>\n\n\n\n<hr>\n\n\n\n<div style=\"height:100px\" aria-hidden=\"true\" class=\"wp-block-spacer\"><\/div>\n\n\n\n<p><a href=\"https:\/\/art-hiking.com\/ausstellungen\/\" target=\"_blank\" rel=\"noreferrer noopener\">Art Hiking Festival 20. &#8211; 29. M\u00e4rz 2026 <\/a><\/p>\n\n\n\n<p>M\u00e4rz 2026<br>Ausstellungshaus Gustav-Schwab Stra\u00dfe 24\/1<\/p>\n\n\n\n<p class=\"has-large-font-size\">Birgit Gerst&nbsp;&#8222;Where ist my Place&#8220;<\/p>\n\n\n\n<p>Fotoarbeiten analog und digital, Fotobuch&nbsp;<\/p>\n\n\n\n<p>&nbsp;Ausgangspunkt meiner Arbeit ist ein alter K\u00fcchenstuhl der in den Endsechziger\/ siebziger Jahren rot angestrichen wurde und in einer Studentenwohnung zum Einsatz kam.<\/p>\n\n\n\n<p>Der Stuhl wird zum Symbol und nimmt von neuem seine Funktion ein.<\/p>\n\n\n\n<p>Setzen Sie sich auf den Stuhl, um ein Fotobuch zu betrachten. Ein beiliegendes G\u00e4stebuch steht jedem zur Verf\u00fcgung f\u00fcr Texte und Zeichnungen.<\/p>\n\n\n\n<figure class=\"wp-block-image size-full\"><img loading=\"lazy\" decoding=\"async\" width=\"500\" height=\"351\" src=\"https:\/\/kuenstlergruppe-muehlacker.de\/wp-content\/uploads\/2026\/03\/heilige-hallen-kl-1.jpg\" alt=\"\" class=\"wp-image-2264\" srcset=\"https:\/\/kuenstlergruppe-muehlacker.de\/wp-content\/uploads\/2026\/03\/heilige-hallen-kl-1.jpg 500w, https:\/\/kuenstlergruppe-muehlacker.de\/wp-content\/uploads\/2026\/03\/heilige-hallen-kl-1-300x211.jpg 300w, https:\/\/kuenstlergruppe-muehlacker.de\/wp-content\/uploads\/2026\/03\/heilige-hallen-kl-1-174x122.jpg 174w\" sizes=\"auto, (max-width: 500px) 100vw, 500px\" \/><\/figure>\n\n\n\n<p><\/p>\n\n\n\n<p><br><br><\/p>\n\n\n\n<p><\/p>\n\n\n\n<p><\/p>\n\n\n\n<p><br><\/p>\n\n\n\n<p><br><br><\/p>\n\n\n\n<p><\/p>\n\n\n\n<p><\/p>\n\n\n\n<p><br><\/p>\n\n\n\n<p><\/p>\n","protected":false},"excerpt":{"rendered":"<p>Landschaft massiv Galerie Geisselladen, M\u00fchlacker Enzstr. 17 Bernd Br\u00fcstle Landschaften ge\u00f6ffnet am Sonntag, 12. April 2026, von 14 &#8211; 17 Uhr Art Hiking Festival 20. &#8211; 29. M\u00e4rz 2026 Landschaft massiv Thomas Wilhelm (Fotografie)Bernd Br\u00fcstle (Malerei)Manfred L\u00e4kem\u00e4ker (Fotografie)Jochen Gerst (Druckvorf\u00fchrung) Aufgrund der enormen Nachfrage ist die Ausstellung zu folgenden Terminen &hellip;<\/p>\n","protected":false},"author":1,"featured_media":0,"parent":0,"menu_order":0,"comment_status":"closed","ping_status":"closed","template":"","meta":{"ngg_post_thumbnail":0,"footnotes":""},"class_list":["post-63","page","type-page","status-publish","hentry"],"_links":{"self":[{"href":"https:\/\/kuenstlergruppe-muehlacker.de\/index.php?rest_route=\/wp\/v2\/pages\/63","targetHints":{"allow":["GET"]}}],"collection":[{"href":"https:\/\/kuenstlergruppe-muehlacker.de\/index.php?rest_route=\/wp\/v2\/pages"}],"about":[{"href":"https:\/\/kuenstlergruppe-muehlacker.de\/index.php?rest_route=\/wp\/v2\/types\/page"}],"author":[{"embeddable":true,"href":"https:\/\/kuenstlergruppe-muehlacker.de\/index.php?rest_route=\/wp\/v2\/users\/1"}],"replies":[{"embeddable":true,"href":"https:\/\/kuenstlergruppe-muehlacker.de\/index.php?rest_route=%2Fwp%2Fv2%2Fcomments&post=63"}],"version-history":[{"count":337,"href":"https:\/\/kuenstlergruppe-muehlacker.de\/index.php?rest_route=\/wp\/v2\/pages\/63\/revisions"}],"predecessor-version":[{"id":2294,"href":"https:\/\/kuenstlergruppe-muehlacker.de\/index.php?rest_route=\/wp\/v2\/pages\/63\/revisions\/2294"}],"wp:attachment":[{"href":"https:\/\/kuenstlergruppe-muehlacker.de\/index.php?rest_route=%2Fwp%2Fv2%2Fmedia&parent=63"}],"curies":[{"name":"wp","href":"https:\/\/api.w.org\/{rel}","templated":true}]}}